{"id":2546,"date":"2024-03-14T10:52:41","date_gmt":"2024-03-14T09:52:41","guid":{"rendered":"https:\/\/maisonjullian.com\/?page_id=2546"},"modified":"2026-04-05T19:11:21","modified_gmt":"2026-04-05T17:11:21","slug":"restaurant-gastronomique-beziers","status":"publish","type":"page","link":"https:\/\/maisonjullian.com\/en\/restaurant-gastronomique-beziers\/","title":{"rendered":"Lunch"},"content":{"rendered":"<div data-elementor-type=\"wp-page\" data-elementor-id=\"2546\" class=\"elementor elementor-2546\" data-elementor-post-type=\"page\">\n\t\t\t\t\t\t<section class=\"elementor-section elementor-top-section elementor-element elementor-element-45132e7f elementor-section-height-full elementor-section-full_width elementor-section-height-default elementor-section-items-middle\" data-id=\"45132e7f\" data-element_type=\"section\" data-e-type=\"section\" data-settings=\"{&quot;background_background&quot;:&quot;classic&quot;}\">\n\t\t\t\t\t\t<div class=\"elementor-container elementor-column-gap-default\">\n\t\t\t\t\t<div class=\"elementor-column elementor-col-100 elementor-top-column elementor-element elementor-element-396d5f2\" data-id=\"396d5f2\" data-element_type=\"column\" data-e-type=\"column\">\n\t\t\t<div class=\"elementor-widget-wrap elementor-element-populated\">\n\t\t\t\t\t\t<div class=\"elementor-element elementor-element-26e565a2 elementor-widget elementor-widget-heading\" data-id=\"26e565a2\" data-element_type=\"widget\" data-e-type=\"widget\" data-settings=\"{&quot;_animation_mobile&quot;:&quot;none&quot;}\" data-widget_type=\"heading.default\">\n\t\t\t\t<div class=\"elementor-widget-container\">\n\t\t\t\t\t<h1 class=\"elementor-heading-title elementor-size-default\">Lunch<\/h1>\t\t\t\t<\/div>\n\t\t\t\t<\/div>\n\t\t\t\t\t<\/div>\n\t\t<\/div>\n\t\t\t\t\t<\/div>\n\t\t<\/section>\n\t\t\t\t<section class=\"elementor-section elementor-top-section elementor-element elementor-element-3b108e3e elementor-section-boxed elementor-section-height-default elementor-section-height-default\" data-id=\"3b108e3e\" data-element_type=\"section\" data-e-type=\"section\" data-settings=\"{&quot;background_background&quot;:&quot;classic&quot;}\">\n\t\t\t\t\t\t<div class=\"elementor-container elementor-column-gap-default\">\n\t\t\t\t\t<div class=\"elementor-column elementor-col-100 elementor-top-column elementor-element elementor-element-5f25886a\" data-id=\"5f25886a\" data-element_type=\"column\" data-e-type=\"column\">\n\t\t\t<div class=\"elementor-widget-wrap elementor-element-populated\">\n\t\t\t\t\t\t<section class=\"elementor-section elementor-inner-section elementor-element elementor-element-2041f3e4 elementor-section-full_width elementor-section-height-default elementor-section-height-default\" data-id=\"2041f3e4\" data-element_type=\"section\" data-e-type=\"section\">\n\t\t\t\t\t\t<div class=\"elementor-container elementor-column-gap-default\">\n\t\t\t\t\t<div class=\"elementor-column elementor-col-100 elementor-inner-column elementor-element elementor-element-ffe523f\" data-id=\"ffe523f\" data-element_type=\"column\" data-e-type=\"column\">\n\t\t\t<div class=\"elementor-widget-wrap elementor-element-populated\">\n\t\t\t\t\t\t<div class=\"elementor-element elementor-element-6647976a elementor-widget elementor-widget-heading\" data-id=\"6647976a\" data-element_type=\"widget\" data-e-type=\"widget\" data-settings=\"{&quot;_animation_mobile&quot;:&quot;none&quot;}\" data-widget_type=\"heading.default\">\n\t\t\t\t<div class=\"elementor-widget-container\">\n\t\t\t\t\t<h2 class=\"elementor-heading-title elementor-size-default\">Menu \"Retour du march\u00e9\"\n<\/h2>\t\t\t\t<\/div>\n\t\t\t\t<\/div>\n\t\t\t\t<div class=\"elementor-element elementor-element-ebb2ddb elementor-widget elementor-widget-heading\" data-id=\"ebb2ddb\" data-element_type=\"widget\" data-e-type=\"widget\" data-settings=\"{&quot;_animation_mobile&quot;:&quot;none&quot;}\" data-widget_type=\"heading.default\">\n\t\t\t\t<div class=\"elementor-widget-container\">\n\t\t\t\t\t<h2 class=\"elementor-heading-title elementor-size-default\">Until the 15th of April\nWednesday to Saturday, from 12pm to 2-30pm<\/h2>\t\t\t\t<\/div>\n\t\t\t\t<\/div>\n\t\t\t\t<div class=\"elementor-element elementor-element-a11381f elementor-widget elementor-widget-text-editor\" data-id=\"a11381f\" data-element_type=\"widget\" data-e-type=\"widget\" data-widget_type=\"text-editor.default\">\n\t\t\t\t<div class=\"elementor-widget-container\">\n\t\t\t\t\t\t\t\t\t<p>Signature cuisine, locally sourced and seasonal, showcasing the work of small artisans.<\/p><p><strong>Starter\/Main\/Dessert 39 \u20ac<br \/><\/strong><\/p><p><strong>Trust the chef in 4 services<\/strong> \u00a0<strong>52 \u20ac<\/strong><br \/><em>(Starter\/Fish\/Meat\/Dessert)<\/em><\/p><p class=\"translation-block\"><em><strong>Children's Menu<\/strong>\u00a0<strong>26 \u20ac<\/strong> (please specify when making your reservation)<\/em><\/p><p><strong><br \/>While you wait<\/strong><\/p><p>Homemade foie gras with cocoa\u00a0 <strong>+15 \u20ac<\/strong><\/p><p><strong><br \/>Start<\/strong><\/p><p>Artichoke\/Chicken\/Foie Gras\/Parmesan\/Sherry Timbale<br \/>or<\/p><div><div><p>Petit-Gris Snail Ravioli\/Mushrooms\/Hazelnuts\/Meurette Sauce<br \/>or<br \/>Sardine Tempura\/Celeriac\/Preserved Lemon\/Herb Sauce<\/p><p><span style=\"font-weight: bolder;\"><br \/>Pursue<\/span><\/p><\/div><div><p>Larded Pigeon\/Poultry\/Hay-smoked potatoes<br \/>or<br \/>Smoked matured Beef\/Cannelloni\/C\u00e9vennes Onion\/Aged Mimolette\/Pepper Sauce<br \/>or<br \/>Calamari\/Saffron potatoes\/\nRomanesco\/Buckwheat\/Chorizo\/Squid Ink<\/p><p><strong><br \/>Prolong<\/strong><\/p><\/div><div><p>The cheese of the moment (MOF 2007) <strong>+10 \u20ac<\/strong><\/p><p><strong><br \/>Conclude<\/strong><\/p><div><div><p>Signature chocolate mousse<br \/>or\u00a0<br \/>Carrot Tart\/Walnut\/Honey\/Carrot\/Verbena Sorbet\/ Carrot Caramel<br \/>or<br \/>Banana\/Almond\/Caramel Cheesecake\u00a0<\/p><p><em><strong><br \/>Nos menus ne sont pas modifiables (sauf allergies, et<\/strong><\/em><strong><em> contraintes alimentaires)<\/em><\/strong><\/p><p>\u00a0<\/p><\/div><\/div><\/div><\/div>\t\t\t\t\t\t\t\t<\/div>\n\t\t\t\t<\/div>\n\t\t\t\t<div class=\"elementor-element elementor-element-35d8bc64 elementor-align-center elementor-widget elementor-widget-button\" data-id=\"35d8bc64\" data-element_type=\"widget\" data-e-type=\"widget\" data-widget_type=\"button.default\">\n\t\t\t\t<div class=\"elementor-widget-container\">\n\t\t\t\t\t\t\t\t\t<div class=\"elementor-button-wrapper\">\n\t\t\t\t\t<a class=\"elementor-button elementor-button-link elementor-size-sm\" href=\"https:\/\/maisonjullian.com\/en\/reservation-restaurant\/\">\n\t\t\t\t\t\t<span class=\"elementor-button-content-wrapper\">\n\t\t\t\t\t\t\t\t\t<span class=\"elementor-button-text\">RESERVE<\/span>\n\t\t\t\t\t<\/span>\n\t\t\t\t\t<\/a>\n\t\t\t\t<\/div>\n\t\t\t\t\t\t\t\t<\/div>\n\t\t\t\t<\/div>\n\t\t\t\t\t<\/div>\n\t\t<\/div>\n\t\t\t\t\t<\/div>\n\t\t<\/section>\n\t\t\t\t\t<\/div>\n\t\t<\/div>\n\t\t\t\t\t<\/div>\n\t\t<\/section>\n\t\t\t\t<\/div>","protected":false},"excerpt":{"rendered":"<p>Le D\u00e9jeuner Menu \u00ab\u00a0Retour du march\u00e9\u00a0\u00bb Jusqu&rsquo;au 15 avril, du mercredi au samedi de 12h \u00e0 14h30 Cuisine d&rsquo;auteur, locavore et de saison, mettant \u00e0 l&rsquo;honneur le travail de petits artisans. Entr\u00e9e\/Plat\/Dessert\u00a0 39 \u20ac Confiance au chef en 4 services \u00a052 \u20ac(Entr\u00e9e\/Poisson\/Viande\/Dessert) Menu enfant\u00a026 \u20ac (\u00e0 pr\u00e9ciser lors de votre r\u00e9servation) Patienter Foie gras maison [&hellip;]<\/p>\n","protected":false},"author":1,"featured_media":0,"parent":0,"menu_order":0,"comment_status":"closed","ping_status":"closed","template":"","meta":{"footnotes":""},"class_list":["post-2546","page","type-page","status-publish","hentry"],"yoast_head":"<!-- This site is optimized with the Yoast SEO plugin v27.3 - https:\/\/yoast.com\/product\/yoast-seo-wordpress\/ -->\n<title>D\u00e9jeuner gastronomique \u00e0 B\u00e9ziers | Maison Jullian<\/title>\n<meta name=\"description\" content=\"D\u00e9couvrez le menu d\u00e9jeuner de Maison Jullian \u00e0 B\u00e9ziers : cuisine de saison, produits locaux, formule du midi et r\u00e9servation.\" \/>\n<meta name=\"robots\" content=\"index, follow, max-snippet:-1, max-image-preview:large, max-video-preview:-1\" \/>\n<link rel=\"canonical\" href=\"https:\/\/maisonjullian.com\/en\/restaurant-gastronomique-beziers\/\" \/>\n<meta property=\"og:locale\" content=\"en_GB\" \/>\n<meta property=\"og:type\" content=\"article\" \/>\n<meta property=\"og:title\" content=\"D\u00e9jeuner gastronomique \u00e0 B\u00e9ziers | Maison Jullian\" \/>\n<meta property=\"og:description\" content=\"D\u00e9couvrez le menu d\u00e9jeuner de Maison Jullian \u00e0 B\u00e9ziers : cuisine de saison, produits locaux, formule du midi et r\u00e9servation.\" \/>\n<meta property=\"og:url\" content=\"https:\/\/maisonjullian.com\/en\/restaurant-gastronomique-beziers\/\" \/>\n<meta property=\"og:site_name\" content=\"MAISON JULLIAN\" \/>\n<meta property=\"article:publisher\" content=\"https:\/\/www.facebook.com\/maisonjullianbeziers\" \/>\n<meta property=\"article:modified_time\" content=\"2026-04-05T17:11:21+00:00\" \/>\n<meta property=\"og:image\" content=\"https:\/\/maisonjullian.com\/wp-content\/uploads\/2023\/03\/MaisonJullian_facade-6597_websize.jpg\" \/>\n\t<meta property=\"og:image:width\" content=\"897\" \/>\n\t<meta property=\"og:image:height\" content=\"598\" \/>\n\t<meta property=\"og:image:type\" content=\"image\/jpeg\" \/>\n<meta name=\"twitter:card\" content=\"summary_large_image\" \/>\n<meta name=\"twitter:label1\" content=\"Estimated reading time\" \/>\n\t<meta name=\"twitter:data1\" content=\"1 minute\" \/>\n<script type=\"application\/ld+json\" class=\"yoast-schema-graph\">{\"@context\":\"https:\\\/\\\/schema.org\",\"@graph\":[{\"@type\":\"WebPage\",\"@id\":\"https:\\\/\\\/maisonjullian.com\\\/restaurant-gastronomique-beziers\\\/\",\"url\":\"https:\\\/\\\/maisonjullian.com\\\/restaurant-gastronomique-beziers\\\/\",\"name\":\"D\u00e9jeuner gastronomique \u00e0 B\u00e9ziers | Maison Jullian\",\"isPartOf\":{\"@id\":\"https:\\\/\\\/maisonjullian.com\\\/#website\"},\"datePublished\":\"2024-03-14T09:52:41+00:00\",\"dateModified\":\"2026-04-05T17:11:21+00:00\",\"description\":\"D\u00e9couvrez le menu d\u00e9jeuner de Maison Jullian \u00e0 B\u00e9ziers : cuisine de saison, produits locaux, formule du midi et r\u00e9servation.\",\"breadcrumb\":{\"@id\":\"https:\\\/\\\/maisonjullian.com\\\/restaurant-gastronomique-beziers\\\/#breadcrumb\"},\"inLanguage\":\"en-GB\",\"potentialAction\":[{\"@type\":\"ReadAction\",\"target\":[\"https:\\\/\\\/maisonjullian.com\\\/restaurant-gastronomique-beziers\\\/\"]}]},{\"@type\":\"BreadcrumbList\",\"@id\":\"https:\\\/\\\/maisonjullian.com\\\/restaurant-gastronomique-beziers\\\/#breadcrumb\",\"itemListElement\":[{\"@type\":\"ListItem\",\"position\":1,\"name\":\"Accueil\",\"item\":\"https:\\\/\\\/maisonjullian.com\\\/\"},{\"@type\":\"ListItem\",\"position\":2,\"name\":\"Le D\u00e9jeuner\"}]},{\"@type\":\"WebSite\",\"@id\":\"https:\\\/\\\/maisonjullian.com\\\/#website\",\"url\":\"https:\\\/\\\/maisonjullian.com\\\/\",\"name\":\"MAISON JULLIAN\",\"description\":\"Folie biterroise\",\"publisher\":{\"@id\":\"https:\\\/\\\/maisonjullian.com\\\/#organization\"},\"alternateName\":\"Maison Jullian\",\"potentialAction\":[{\"@type\":\"SearchAction\",\"target\":{\"@type\":\"EntryPoint\",\"urlTemplate\":\"https:\\\/\\\/maisonjullian.com\\\/?s={search_term_string}\"},\"query-input\":{\"@type\":\"PropertyValueSpecification\",\"valueRequired\":true,\"valueName\":\"search_term_string\"}}],\"inLanguage\":\"en-GB\"},{\"@type\":\"Organization\",\"@id\":\"https:\\\/\\\/maisonjullian.com\\\/#organization\",\"name\":\"MAISON JULLIAN\",\"alternateName\":\"Maison Julian\",\"url\":\"https:\\\/\\\/maisonjullian.com\\\/\",\"logo\":{\"@type\":\"ImageObject\",\"inLanguage\":\"en-GB\",\"@id\":\"https:\\\/\\\/maisonjullian.com\\\/#\\\/schema\\\/logo\\\/image\\\/\",\"url\":\"https:\\\/\\\/maisonjullian.com\\\/wp-content\\\/uploads\\\/2022\\\/06\\\/Logo-MJ-Vectoriel.jpg\",\"contentUrl\":\"https:\\\/\\\/maisonjullian.com\\\/wp-content\\\/uploads\\\/2022\\\/06\\\/Logo-MJ-Vectoriel.jpg\",\"width\":500,\"height\":500,\"caption\":\"MAISON JULLIAN\"},\"image\":{\"@id\":\"https:\\\/\\\/maisonjullian.com\\\/#\\\/schema\\\/logo\\\/image\\\/\"},\"sameAs\":[\"https:\\\/\\\/www.facebook.com\\\/maisonjullianbeziers\",\"https:\\\/\\\/www.instagram.com\\\/maisonjullianbeziers\\\/\"]}]}<\/script>\n<!-- \/ Yoast SEO plugin. -->","yoast_head_json":{"title":"D\u00e9jeuner gastronomique \u00e0 B\u00e9ziers | Maison Jullian","description":"D\u00e9couvrez le menu d\u00e9jeuner de Maison Jullian \u00e0 B\u00e9ziers : cuisine de saison, produits locaux, formule du midi et r\u00e9servation.","robots":{"index":"index","follow":"follow","max-snippet":"max-snippet:-1","max-image-preview":"max-image-preview:large","max-video-preview":"max-video-preview:-1"},"canonical":"https:\/\/maisonjullian.com\/en\/restaurant-gastronomique-beziers\/","og_locale":"en_GB","og_type":"article","og_title":"D\u00e9jeuner gastronomique \u00e0 B\u00e9ziers | Maison Jullian","og_description":"D\u00e9couvrez le menu d\u00e9jeuner de Maison Jullian \u00e0 B\u00e9ziers : cuisine de saison, produits locaux, formule du midi et r\u00e9servation.","og_url":"https:\/\/maisonjullian.com\/en\/restaurant-gastronomique-beziers\/","og_site_name":"MAISON JULLIAN","article_publisher":"https:\/\/www.facebook.com\/maisonjullianbeziers","article_modified_time":"2026-04-05T17:11:21+00:00","og_image":[{"width":897,"height":598,"url":"https:\/\/maisonjullian.com\/wp-content\/uploads\/2023\/03\/MaisonJullian_facade-6597_websize.jpg","type":"image\/jpeg"}],"twitter_card":"summary_large_image","twitter_misc":{"Estimated reading time":"1 minute"},"schema":{"@context":"https:\/\/schema.org","@graph":[{"@type":"WebPage","@id":"https:\/\/maisonjullian.com\/restaurant-gastronomique-beziers\/","url":"https:\/\/maisonjullian.com\/restaurant-gastronomique-beziers\/","name":"D\u00e9jeuner gastronomique \u00e0 B\u00e9ziers | Maison Jullian","isPartOf":{"@id":"https:\/\/maisonjullian.com\/#website"},"datePublished":"2024-03-14T09:52:41+00:00","dateModified":"2026-04-05T17:11:21+00:00","description":"D\u00e9couvrez le menu d\u00e9jeuner de Maison Jullian \u00e0 B\u00e9ziers : cuisine de saison, produits locaux, formule du midi et r\u00e9servation.","breadcrumb":{"@id":"https:\/\/maisonjullian.com\/restaurant-gastronomique-beziers\/#breadcrumb"},"inLanguage":"en-GB","potentialAction":[{"@type":"ReadAction","target":["https:\/\/maisonjullian.com\/restaurant-gastronomique-beziers\/"]}]},{"@type":"BreadcrumbList","@id":"https:\/\/maisonjullian.com\/restaurant-gastronomique-beziers\/#breadcrumb","itemListElement":[{"@type":"ListItem","position":1,"name":"Accueil","item":"https:\/\/maisonjullian.com\/"},{"@type":"ListItem","position":2,"name":"Le D\u00e9jeuner"}]},{"@type":"WebSite","@id":"https:\/\/maisonjullian.com\/#website","url":"https:\/\/maisonjullian.com\/","name":"MAISON JULLIAN","description":"Folie biterroise","publisher":{"@id":"https:\/\/maisonjullian.com\/#organization"},"alternateName":"Maison Jullian","potentialAction":[{"@type":"SearchAction","target":{"@type":"EntryPoint","urlTemplate":"https:\/\/maisonjullian.com\/?s={search_term_string}"},"query-input":{"@type":"PropertyValueSpecification","valueRequired":true,"valueName":"search_term_string"}}],"inLanguage":"en-GB"},{"@type":"Organization","@id":"https:\/\/maisonjullian.com\/#organization","name":"MAISON JULLIAN","alternateName":"Maison Julian","url":"https:\/\/maisonjullian.com\/","logo":{"@type":"ImageObject","inLanguage":"en-GB","@id":"https:\/\/maisonjullian.com\/#\/schema\/logo\/image\/","url":"https:\/\/maisonjullian.com\/wp-content\/uploads\/2022\/06\/Logo-MJ-Vectoriel.jpg","contentUrl":"https:\/\/maisonjullian.com\/wp-content\/uploads\/2022\/06\/Logo-MJ-Vectoriel.jpg","width":500,"height":500,"caption":"MAISON JULLIAN"},"image":{"@id":"https:\/\/maisonjullian.com\/#\/schema\/logo\/image\/"},"sameAs":["https:\/\/www.facebook.com\/maisonjullianbeziers","https:\/\/www.instagram.com\/maisonjullianbeziers\/"]}]}},"_links":{"self":[{"href":"https:\/\/maisonjullian.com\/en\/wp-json\/wp\/v2\/pages\/2546","targetHints":{"allow":["GET"]}}],"collection":[{"href":"https:\/\/maisonjullian.com\/en\/wp-json\/wp\/v2\/pages"}],"about":[{"href":"https:\/\/maisonjullian.com\/en\/wp-json\/wp\/v2\/types\/page"}],"author":[{"embeddable":true,"href":"https:\/\/maisonjullian.com\/en\/wp-json\/wp\/v2\/users\/1"}],"replies":[{"embeddable":true,"href":"https:\/\/maisonjullian.com\/en\/wp-json\/wp\/v2\/comments?post=2546"}],"version-history":[{"count":592,"href":"https:\/\/maisonjullian.com\/en\/wp-json\/wp\/v2\/pages\/2546\/revisions"}],"predecessor-version":[{"id":5913,"href":"https:\/\/maisonjullian.com\/en\/wp-json\/wp\/v2\/pages\/2546\/revisions\/5913"}],"wp:attachment":[{"href":"https:\/\/maisonjullian.com\/en\/wp-json\/wp\/v2\/media?parent=2546"}],"curies":[{"name":"wp","href":"https:\/\/api.w.org\/{rel}","templated":true}]}}