{"id":2548,"date":"2024-03-14T10:53:17","date_gmt":"2024-03-14T09:53:17","guid":{"rendered":"https:\/\/maisonjullian.com\/?page_id=2548"},"modified":"2026-04-05T19:34:08","modified_gmt":"2026-04-05T17:34:08","slug":"le-brunch","status":"publish","type":"page","link":"https:\/\/maisonjullian.com\/en\/le-brunch\/","title":{"rendered":"Brunch"},"content":{"rendered":"<div data-elementor-type=\"wp-page\" data-elementor-id=\"2548\" class=\"elementor elementor-2548\" data-elementor-post-type=\"page\">\n\t\t\t\t\t\t<section class=\"elementor-section elementor-top-section elementor-element elementor-element-15e2b8c5 elementor-section-height-full elementor-section-full_width elementor-section-height-default elementor-section-items-middle\" data-id=\"15e2b8c5\" data-element_type=\"section\" data-e-type=\"section\" data-settings=\"{&quot;background_background&quot;:&quot;classic&quot;}\">\n\t\t\t\t\t\t<div class=\"elementor-container elementor-column-gap-default\">\n\t\t\t\t\t<div class=\"elementor-column elementor-col-100 elementor-top-column elementor-element elementor-element-76a21f0b\" data-id=\"76a21f0b\" data-element_type=\"column\" data-e-type=\"column\">\n\t\t\t<div class=\"elementor-widget-wrap elementor-element-populated\">\n\t\t\t\t\t\t<div class=\"elementor-element elementor-element-2c676ff9 elementor-widget elementor-widget-heading\" data-id=\"2c676ff9\" data-element_type=\"widget\" data-e-type=\"widget\" data-settings=\"{&quot;_animation_mobile&quot;:&quot;none&quot;}\" data-widget_type=\"heading.default\">\n\t\t\t\t<div class=\"elementor-widget-container\">\n\t\t\t\t\t<h1 class=\"elementor-heading-title elementor-size-default\">Brunch<\/h1>\t\t\t\t<\/div>\n\t\t\t\t<\/div>\n\t\t\t\t\t<\/div>\n\t\t<\/div>\n\t\t\t\t\t<\/div>\n\t\t<\/section>\n\t\t\t\t<section class=\"elementor-section elementor-top-section elementor-element elementor-element-61e7ebf4 elementor-section-boxed elementor-section-height-default elementor-section-height-default\" data-id=\"61e7ebf4\" data-element_type=\"section\" data-e-type=\"section\" data-settings=\"{&quot;background_background&quot;:&quot;classic&quot;}\">\n\t\t\t\t\t\t<div class=\"elementor-container elementor-column-gap-default\">\n\t\t\t\t\t<div class=\"elementor-column elementor-col-100 elementor-top-column elementor-element elementor-element-4289cf56\" data-id=\"4289cf56\" data-element_type=\"column\" data-e-type=\"column\">\n\t\t\t<div class=\"elementor-widget-wrap elementor-element-populated\">\n\t\t\t\t\t\t<section class=\"elementor-section elementor-inner-section elementor-element elementor-element-416d2a06 elementor-section-full_width elementor-section-height-default elementor-section-height-default\" data-id=\"416d2a06\" data-element_type=\"section\" data-e-type=\"section\">\n\t\t\t\t\t\t<div class=\"elementor-container elementor-column-gap-default\">\n\t\t\t\t\t<div class=\"elementor-column elementor-col-100 elementor-inner-column elementor-element elementor-element-7640b341\" data-id=\"7640b341\" data-element_type=\"column\" data-e-type=\"column\">\n\t\t\t<div class=\"elementor-widget-wrap elementor-element-populated\">\n\t\t\t\t\t\t<div class=\"elementor-element elementor-element-10dd2afc elementor-widget elementor-widget-heading\" data-id=\"10dd2afc\" data-element_type=\"widget\" data-e-type=\"widget\" data-settings=\"{&quot;_animation_mobile&quot;:&quot;none&quot;}\" data-widget_type=\"heading.default\">\n\t\t\t\t<div class=\"elementor-widget-container\">\n\t\t\t\t\t<h2 class=\"elementor-heading-title elementor-size-default\">Every Sunday<\/h2>\t\t\t\t<\/div>\n\t\t\t\t<\/div>\n\t\t\t\t<div class=\"elementor-element elementor-element-c58b06e elementor-widget elementor-widget-heading\" data-id=\"c58b06e\" data-element_type=\"widget\" data-e-type=\"widget\" data-settings=\"{&quot;_animation_mobile&quot;:&quot;none&quot;}\" data-widget_type=\"heading.default\">\n\t\t\t\t<div class=\"elementor-widget-container\">\n\t\t\t\t\t<h2 class=\"elementor-heading-title elementor-size-default\">2 services : 11am and 1-30pm<\/h2>\t\t\t\t<\/div>\n\t\t\t\t<\/div>\n\t\t\t\t<div class=\"elementor-element elementor-element-570f3175 elementor-widget elementor-widget-text-editor\" data-id=\"570f3175\" data-element_type=\"widget\" data-e-type=\"widget\" data-widget_type=\"text-editor.default\">\n\t\t\t\t<div class=\"elementor-widget-container\">\n\t\t\t\t\t\t\t\t\t<p class=\"translation-block\">No need to introduce this English ritual dating back to the end of the 19th century.<br>Brunch is the delicious synonym for sleeping in, devouring treats with greed, laziness, shared pleasures, a desire for sweet and savoury... It comes from the contraction of the words \"<em>Breakfast<\/em>\" and \"<em>Lunch<\/em>\"<strong>, <\/strong>to allow late risers on the weekend to have a meal that is complete enough to last until the evening.<\/p><p><strong><span style=\"text-decoration: underline;\">SAVORY &amp; SWEET, HOT &amp; COLD BUFFET<\/span>\u00a0:<br \/><\/strong><\/p><p><strong>\u20ac49 or \u20ac59 with a glass of Champagne<\/strong><\/p><p><strong>Children\u2019s rates: \u20ac15 (up to 3 years old) or \u20ac29 (up to 11 years old) <\/strong><span style=\"font-weight: bolder;\">(jusqu&rsquo;\u00e0 11 ans)<\/span><span style=\"font-weight: bolder;\">\u00a0<\/span><\/p><p>Hot drinks (Mariage Fr\u00e8res teas, homemade hot chocolate, organic coffee ...),\u00a0<br \/>Freshly squeezed orange juice, smoothie, and mineral water<\/p><p style=\"text-align: center;\"><span style=\"color: var( --e-global-color-195499b ); background-color: var( --e-global-color-07ebea3 );\">French pastries<br \/><\/span>Homemade jams, homemade salted butter caramel, homemade chocolate sauce, honey<br \/>Lemon madeleines<br \/>Chocolate marble cake with chocolate-almond glaze<br \/>Rasberry financiers<br \/>Carrot cake \/ cream cheese frosting \/ lime<br \/>Homemade pancakes<br \/>Greek Yogurt\/Granola\/Chocolate chips<br \/>Rum baba \/ vanilla cream with lime<br \/>Apple cake \/ caramel \/ olive oil<br \/>Fruit salad<\/p><p>Dish of the day (depending on our producer's arrivals)<\/p><p>Mimosa eggs\/Onion pickles\/Fried onions<br \/>Bouzigues oysters<br \/>Quinoa salad \/ spring vegetables \/ feta \/ cilantro<br \/>Leek vinaigrette\/Capers\/Croutons\/Hazelnuts<br \/>Salmon Carpaccio\/Pink berries\/Dill<br \/>Thai-style beef tataki<em><br \/><\/em>Potato salad \/ shrimp \/ carrot \/ Thai basil<br \/>Fish and prawn terrine<br \/>\u201cNi\u00e7oise\u201d-style salad<br \/>Cod accras\/black aioli<br \/>Assorted aged cheese platter (12-month Comt\u00e9 Marcel Petite, Roquefort Papillon, Selles-sur-Cher)<\/p>\t\t\t\t\t\t\t\t<\/div>\n\t\t\t\t<\/div>\n\t\t\t\t<div class=\"elementor-element elementor-element-183072da elementor-align-center elementor-widget elementor-widget-button\" data-id=\"183072da\" data-element_type=\"widget\" data-e-type=\"widget\" data-widget_type=\"button.default\">\n\t\t\t\t<div class=\"elementor-widget-container\">\n\t\t\t\t\t\t\t\t\t<div class=\"elementor-button-wrapper\">\n\t\t\t\t\t<a class=\"elementor-button elementor-button-link elementor-size-sm\" href=\"https:\/\/maisonjullian.com\/en\/reservation-restaurant\/\">\n\t\t\t\t\t\t<span class=\"elementor-button-content-wrapper\">\n\t\t\t\t\t\t\t\t\t<span class=\"elementor-button-text\">RESERVE<\/span>\n\t\t\t\t\t<\/span>\n\t\t\t\t\t<\/a>\n\t\t\t\t<\/div>\n\t\t\t\t\t\t\t\t<\/div>\n\t\t\t\t<\/div>\n\t\t\t\t\t<\/div>\n\t\t<\/div>\n\t\t\t\t\t<\/div>\n\t\t<\/section>\n\t\t\t\t\t<\/div>\n\t\t<\/div>\n\t\t\t\t\t<\/div>\n\t\t<\/section>\n\t\t\t\t<\/div>","protected":false},"excerpt":{"rendered":"<p>Le Brunch Tous les dimanches 2 services : 11h et 13h30 Plus besoin de pr\u00e9senter ce rituel anglais datant de la fin du 19\u00e8me si\u00e8cle.Le brunch est le d\u00e9licieux synonyme de grasses matin\u00e9es, de gourmandises d\u00e9vor\u00e9es avec avidit\u00e9, de paresse, de plaisirs partag\u00e9s, d\u2019envie de sucr\u00e9-sal\u00e9 &#8230; Il vient de la contraction des mots anglais [&hellip;]<\/p>\n","protected":false},"author":1,"featured_media":0,"parent":0,"menu_order":0,"comment_status":"closed","ping_status":"closed","template":"","meta":{"footnotes":""},"class_list":["post-2548","page","type-page","status-publish","hentry"],"yoast_head":"<!-- This site is optimized with the Yoast SEO plugin v27.5 - https:\/\/yoast.com\/product\/yoast-seo-wordpress\/ -->\n<title>Brunch gourmand \u00e0 B\u00e9ziers | Maison Jullian<\/title>\n<meta name=\"description\" content=\"Brunch \u00e0 B\u00e9ziers chez Maison Jullian : s\u00e9lection sucr\u00e9e-sal\u00e9e, produits frais et locaux, cadre \u00e9l\u00e9gant. Infos, horaires et r\u00e9servation.\" \/>\n<meta name=\"robots\" content=\"index, follow, max-snippet:-1, max-image-preview:large, max-video-preview:-1\" \/>\n<link rel=\"canonical\" href=\"https:\/\/maisonjullian.com\/en\/le-brunch\/\" \/>\n<meta property=\"og:locale\" content=\"en_GB\" \/>\n<meta property=\"og:type\" content=\"article\" \/>\n<meta property=\"og:title\" content=\"Brunch gourmand \u00e0 B\u00e9ziers | Maison Jullian\" \/>\n<meta property=\"og:description\" content=\"Brunch \u00e0 B\u00e9ziers chez Maison Jullian : s\u00e9lection sucr\u00e9e-sal\u00e9e, produits frais et locaux, cadre \u00e9l\u00e9gant. Infos, horaires et r\u00e9servation.\" \/>\n<meta property=\"og:url\" content=\"https:\/\/maisonjullian.com\/en\/le-brunch\/\" \/>\n<meta property=\"og:site_name\" content=\"MAISON JULLIAN\" \/>\n<meta property=\"article:publisher\" content=\"https:\/\/www.facebook.com\/maisonjullianbeziers\" \/>\n<meta property=\"article:modified_time\" content=\"2026-04-05T17:34:08+00:00\" \/>\n<meta property=\"og:image\" content=\"https:\/\/maisonjullian.com\/wp-content\/uploads\/2023\/03\/MaisonJullian_facade-6597_websize.jpg\" \/>\n\t<meta property=\"og:image:width\" content=\"897\" \/>\n\t<meta property=\"og:image:height\" content=\"598\" \/>\n\t<meta property=\"og:image:type\" content=\"image\/jpeg\" \/>\n<meta name=\"twitter:card\" content=\"summary_large_image\" \/>\n<meta name=\"twitter:label1\" content=\"Estimated reading time\" \/>\n\t<meta name=\"twitter:data1\" content=\"2 minutes\" \/>\n<script type=\"application\/ld+json\" class=\"yoast-schema-graph\">{\"@context\":\"https:\\\/\\\/schema.org\",\"@graph\":[{\"@type\":\"WebPage\",\"@id\":\"https:\\\/\\\/maisonjullian.com\\\/le-brunch\\\/\",\"url\":\"https:\\\/\\\/maisonjullian.com\\\/le-brunch\\\/\",\"name\":\"Brunch gourmand \u00e0 B\u00e9ziers | Maison Jullian\",\"isPartOf\":{\"@id\":\"https:\\\/\\\/maisonjullian.com\\\/#website\"},\"datePublished\":\"2024-03-14T09:53:17+00:00\",\"dateModified\":\"2026-04-05T17:34:08+00:00\",\"description\":\"Brunch \u00e0 B\u00e9ziers chez Maison Jullian : s\u00e9lection sucr\u00e9e-sal\u00e9e, produits frais et locaux, cadre \u00e9l\u00e9gant. Infos, horaires et r\u00e9servation.\",\"breadcrumb\":{\"@id\":\"https:\\\/\\\/maisonjullian.com\\\/le-brunch\\\/#breadcrumb\"},\"inLanguage\":\"en-GB\",\"potentialAction\":[{\"@type\":\"ReadAction\",\"target\":[\"https:\\\/\\\/maisonjullian.com\\\/le-brunch\\\/\"]}]},{\"@type\":\"BreadcrumbList\",\"@id\":\"https:\\\/\\\/maisonjullian.com\\\/le-brunch\\\/#breadcrumb\",\"itemListElement\":[{\"@type\":\"ListItem\",\"position\":1,\"name\":\"Accueil\",\"item\":\"https:\\\/\\\/maisonjullian.com\\\/\"},{\"@type\":\"ListItem\",\"position\":2,\"name\":\"Le Brunch\"}]},{\"@type\":\"WebSite\",\"@id\":\"https:\\\/\\\/maisonjullian.com\\\/#website\",\"url\":\"https:\\\/\\\/maisonjullian.com\\\/\",\"name\":\"MAISON JULLIAN\",\"description\":\"Folie biterroise\",\"publisher\":{\"@id\":\"https:\\\/\\\/maisonjullian.com\\\/#organization\"},\"alternateName\":\"Maison Jullian\",\"potentialAction\":[{\"@type\":\"SearchAction\",\"target\":{\"@type\":\"EntryPoint\",\"urlTemplate\":\"https:\\\/\\\/maisonjullian.com\\\/?s={search_term_string}\"},\"query-input\":{\"@type\":\"PropertyValueSpecification\",\"valueRequired\":true,\"valueName\":\"search_term_string\"}}],\"inLanguage\":\"en-GB\"},{\"@type\":\"Organization\",\"@id\":\"https:\\\/\\\/maisonjullian.com\\\/#organization\",\"name\":\"MAISON JULLIAN\",\"alternateName\":\"Maison Julian\",\"url\":\"https:\\\/\\\/maisonjullian.com\\\/\",\"logo\":{\"@type\":\"ImageObject\",\"inLanguage\":\"en-GB\",\"@id\":\"https:\\\/\\\/maisonjullian.com\\\/#\\\/schema\\\/logo\\\/image\\\/\",\"url\":\"https:\\\/\\\/maisonjullian.com\\\/wp-content\\\/uploads\\\/2022\\\/06\\\/Logo-MJ-Vectoriel.jpg\",\"contentUrl\":\"https:\\\/\\\/maisonjullian.com\\\/wp-content\\\/uploads\\\/2022\\\/06\\\/Logo-MJ-Vectoriel.jpg\",\"width\":500,\"height\":500,\"caption\":\"MAISON JULLIAN\"},\"image\":{\"@id\":\"https:\\\/\\\/maisonjullian.com\\\/#\\\/schema\\\/logo\\\/image\\\/\"},\"sameAs\":[\"https:\\\/\\\/www.facebook.com\\\/maisonjullianbeziers\",\"https:\\\/\\\/www.instagram.com\\\/maisonjullianbeziers\\\/\"]}]}<\/script>\n<!-- \/ Yoast SEO plugin. -->","yoast_head_json":{"title":"Brunch gourmand \u00e0 B\u00e9ziers | Maison Jullian","description":"Brunch \u00e0 B\u00e9ziers chez Maison Jullian : s\u00e9lection sucr\u00e9e-sal\u00e9e, produits frais et locaux, cadre \u00e9l\u00e9gant. Infos, horaires et r\u00e9servation.","robots":{"index":"index","follow":"follow","max-snippet":"max-snippet:-1","max-image-preview":"max-image-preview:large","max-video-preview":"max-video-preview:-1"},"canonical":"https:\/\/maisonjullian.com\/en\/le-brunch\/","og_locale":"en_GB","og_type":"article","og_title":"Brunch gourmand \u00e0 B\u00e9ziers | Maison Jullian","og_description":"Brunch \u00e0 B\u00e9ziers chez Maison Jullian : s\u00e9lection sucr\u00e9e-sal\u00e9e, produits frais et locaux, cadre \u00e9l\u00e9gant. Infos, horaires et r\u00e9servation.","og_url":"https:\/\/maisonjullian.com\/en\/le-brunch\/","og_site_name":"MAISON JULLIAN","article_publisher":"https:\/\/www.facebook.com\/maisonjullianbeziers","article_modified_time":"2026-04-05T17:34:08+00:00","og_image":[{"width":897,"height":598,"url":"https:\/\/maisonjullian.com\/wp-content\/uploads\/2023\/03\/MaisonJullian_facade-6597_websize.jpg","type":"image\/jpeg"}],"twitter_card":"summary_large_image","twitter_misc":{"Estimated reading time":"2 minutes"},"schema":{"@context":"https:\/\/schema.org","@graph":[{"@type":"WebPage","@id":"https:\/\/maisonjullian.com\/le-brunch\/","url":"https:\/\/maisonjullian.com\/le-brunch\/","name":"Brunch gourmand \u00e0 B\u00e9ziers | Maison Jullian","isPartOf":{"@id":"https:\/\/maisonjullian.com\/#website"},"datePublished":"2024-03-14T09:53:17+00:00","dateModified":"2026-04-05T17:34:08+00:00","description":"Brunch \u00e0 B\u00e9ziers chez Maison Jullian : s\u00e9lection sucr\u00e9e-sal\u00e9e, produits frais et locaux, cadre \u00e9l\u00e9gant. Infos, horaires et r\u00e9servation.","breadcrumb":{"@id":"https:\/\/maisonjullian.com\/le-brunch\/#breadcrumb"},"inLanguage":"en-GB","potentialAction":[{"@type":"ReadAction","target":["https:\/\/maisonjullian.com\/le-brunch\/"]}]},{"@type":"BreadcrumbList","@id":"https:\/\/maisonjullian.com\/le-brunch\/#breadcrumb","itemListElement":[{"@type":"ListItem","position":1,"name":"Accueil","item":"https:\/\/maisonjullian.com\/"},{"@type":"ListItem","position":2,"name":"Le Brunch"}]},{"@type":"WebSite","@id":"https:\/\/maisonjullian.com\/#website","url":"https:\/\/maisonjullian.com\/","name":"MAISON JULLIAN","description":"Folie biterroise","publisher":{"@id":"https:\/\/maisonjullian.com\/#organization"},"alternateName":"Maison Jullian","potentialAction":[{"@type":"SearchAction","target":{"@type":"EntryPoint","urlTemplate":"https:\/\/maisonjullian.com\/?s={search_term_string}"},"query-input":{"@type":"PropertyValueSpecification","valueRequired":true,"valueName":"search_term_string"}}],"inLanguage":"en-GB"},{"@type":"Organization","@id":"https:\/\/maisonjullian.com\/#organization","name":"MAISON JULLIAN","alternateName":"Maison Julian","url":"https:\/\/maisonjullian.com\/","logo":{"@type":"ImageObject","inLanguage":"en-GB","@id":"https:\/\/maisonjullian.com\/#\/schema\/logo\/image\/","url":"https:\/\/maisonjullian.com\/wp-content\/uploads\/2022\/06\/Logo-MJ-Vectoriel.jpg","contentUrl":"https:\/\/maisonjullian.com\/wp-content\/uploads\/2022\/06\/Logo-MJ-Vectoriel.jpg","width":500,"height":500,"caption":"MAISON JULLIAN"},"image":{"@id":"https:\/\/maisonjullian.com\/#\/schema\/logo\/image\/"},"sameAs":["https:\/\/www.facebook.com\/maisonjullianbeziers","https:\/\/www.instagram.com\/maisonjullianbeziers\/"]}]}},"_links":{"self":[{"href":"https:\/\/maisonjullian.com\/en\/wp-json\/wp\/v2\/pages\/2548","targetHints":{"allow":["GET"]}}],"collection":[{"href":"https:\/\/maisonjullian.com\/en\/wp-json\/wp\/v2\/pages"}],"about":[{"href":"https:\/\/maisonjullian.com\/en\/wp-json\/wp\/v2\/types\/page"}],"author":[{"embeddable":true,"href":"https:\/\/maisonjullian.com\/en\/wp-json\/wp\/v2\/users\/1"}],"replies":[{"embeddable":true,"href":"https:\/\/maisonjullian.com\/en\/wp-json\/wp\/v2\/comments?post=2548"}],"version-history":[{"count":208,"href":"https:\/\/maisonjullian.com\/en\/wp-json\/wp\/v2\/pages\/2548\/revisions"}],"predecessor-version":[{"id":5922,"href":"https:\/\/maisonjullian.com\/en\/wp-json\/wp\/v2\/pages\/2548\/revisions\/5922"}],"wp:attachment":[{"href":"https:\/\/maisonjullian.com\/en\/wp-json\/wp\/v2\/media?parent=2548"}],"curies":[{"name":"wp","href":"https:\/\/api.w.org\/{rel}","templated":true}]}}