{"id":2561,"date":"2024-03-14T10:54:54","date_gmt":"2024-03-14T09:54:54","guid":{"rendered":"https:\/\/maisonjullian.com\/?page_id=2561"},"modified":"2026-01-26T16:51:14","modified_gmt":"2026-01-26T15:51:14","slug":"salondethe-teatime-beziers","status":"publish","type":"page","link":"https:\/\/maisonjullian.com\/en\/salondethe-teatime-beziers\/","title":{"rendered":"Afternoon Tea"},"content":{"rendered":"<div data-elementor-type=\"wp-page\" data-elementor-id=\"2561\" class=\"elementor elementor-2561\" data-elementor-post-type=\"page\">\n\t\t\t\t\t\t<section class=\"elementor-section elementor-top-section elementor-element elementor-element-7b1935f4 elementor-section-height-full elementor-section-full_width elementor-section-height-default elementor-section-items-middle\" data-id=\"7b1935f4\" data-element_type=\"section\" data-e-type=\"section\" data-settings=\"{&quot;background_background&quot;:&quot;classic&quot;}\">\n\t\t\t\t\t\t<div class=\"elementor-container elementor-column-gap-default\">\n\t\t\t\t\t<div class=\"elementor-column elementor-col-100 elementor-top-column elementor-element elementor-element-1c058d4d\" data-id=\"1c058d4d\" data-element_type=\"column\" data-e-type=\"column\">\n\t\t\t<div class=\"elementor-widget-wrap elementor-element-populated\">\n\t\t\t\t\t\t<div class=\"elementor-element elementor-element-38e02ab1 elementor-widget elementor-widget-heading\" data-id=\"38e02ab1\" data-element_type=\"widget\" data-e-type=\"widget\" data-settings=\"{&quot;_animation_mobile&quot;:&quot;none&quot;}\" data-widget_type=\"heading.default\">\n\t\t\t\t<div class=\"elementor-widget-container\">\n\t\t\t\t\t<h1 class=\"elementor-heading-title elementor-size-default\">Afternoon Tea<\/h1>\t\t\t\t<\/div>\n\t\t\t\t<\/div>\n\t\t\t\t\t<\/div>\n\t\t<\/div>\n\t\t\t\t\t<\/div>\n\t\t<\/section>\n\t\t\t\t<section class=\"elementor-section elementor-top-section elementor-element elementor-element-2a824be3 elementor-section-boxed elementor-section-height-default elementor-section-height-default\" data-id=\"2a824be3\" data-element_type=\"section\" data-e-type=\"section\" data-settings=\"{&quot;background_background&quot;:&quot;classic&quot;}\">\n\t\t\t\t\t\t<div class=\"elementor-container elementor-column-gap-default\">\n\t\t\t\t\t<div class=\"elementor-column elementor-col-100 elementor-top-column elementor-element elementor-element-3f554b9a\" data-id=\"3f554b9a\" data-element_type=\"column\" data-e-type=\"column\">\n\t\t\t<div class=\"elementor-widget-wrap elementor-element-populated\">\n\t\t\t\t\t\t<section class=\"elementor-section elementor-inner-section elementor-element elementor-element-07aff91 elementor-section-full_width elementor-section-height-default elementor-section-height-default\" data-id=\"07aff91\" data-element_type=\"section\" data-e-type=\"section\">\n\t\t\t\t\t\t<div class=\"elementor-container elementor-column-gap-default\">\n\t\t\t\t\t<div class=\"elementor-column elementor-col-100 elementor-inner-column elementor-element elementor-element-21e8112\" data-id=\"21e8112\" data-element_type=\"column\" data-e-type=\"column\">\n\t\t\t<div class=\"elementor-widget-wrap elementor-element-populated\">\n\t\t\t\t\t\t<div class=\"elementor-element elementor-element-74f5af0 elementor-widget elementor-widget-heading\" data-id=\"74f5af0\" data-element_type=\"widget\" data-e-type=\"widget\" data-settings=\"{&quot;_animation_mobile&quot;:&quot;none&quot;}\" data-widget_type=\"heading.default\">\n\t\t\t\t<div class=\"elementor-widget-container\">\n\t\t\t\t\t<h2 class=\"elementor-heading-title elementor-size-default\">Wednesday to Saturday from 4pm to 6pm, reservation only<\/h2>\t\t\t\t<\/div>\n\t\t\t\t<\/div>\n\t\t\t\t<div class=\"elementor-element elementor-element-4fcbf9ae elementor-widget elementor-widget-text-editor\" data-id=\"4fcbf9ae\" data-element_type=\"widget\" data-e-type=\"widget\" data-widget_type=\"text-editor.default\">\n\t\t\t\t<div class=\"elementor-widget-container\">\n\t\t\t\t\t\t\t\t\t<p class=\"translation-block\">This English tradition was invented around 1840 by the seventh Duchess of Bedford, Anna Russell, a close friend of Queen Victoria. She found the time between lunch and dinner too long, and asked to be served tea with a few snacks. Delighted with this <strong>gourmet break<\/strong>, she shared her idea with her friends. Little by little the tradition was established among the <em>Lords<\/em> and the <em>Ladies<\/em>, then gradually seduced the middle class.<\/p><p><strong>A unique experience in B\u00e9ziers!<\/strong><\/p><p><strong>Price : 30\u20ac \/ person or 40\u20ac with a glass of Champagne<\/strong><\/p><p>Scones<\/p><p>Homemade jams &amp; cream<\/p><p>Selection of Sandwiches<\/p><p>Selection of Biscuits<\/p><p>A pastry <\/p><p>Unlimited hot drinks (Mariage Fr\u00e8res teas, traditional hot chocolate, organic coffee ...)<\/p>\t\t\t\t\t\t\t\t<\/div>\n\t\t\t\t<\/div>\n\t\t\t\t<div class=\"elementor-element elementor-element-f43fa5d elementor-align-center elementor-widget elementor-widget-button\" data-id=\"f43fa5d\" data-element_type=\"widget\" data-e-type=\"widget\" data-widget_type=\"button.default\">\n\t\t\t\t<div class=\"elementor-widget-container\">\n\t\t\t\t\t\t\t\t\t<div class=\"elementor-button-wrapper\">\n\t\t\t\t\t<a class=\"elementor-button elementor-button-link elementor-size-sm\" href=\"https:\/\/maisonjullian.com\/en\/reservation-restaurant\/\">\n\t\t\t\t\t\t<span class=\"elementor-button-content-wrapper\">\n\t\t\t\t\t\t\t\t\t<span class=\"elementor-button-text\">RESERVE<\/span>\n\t\t\t\t\t<\/span>\n\t\t\t\t\t<\/a>\n\t\t\t\t<\/div>\n\t\t\t\t\t\t\t\t<\/div>\n\t\t\t\t<\/div>\n\t\t\t\t\t<\/div>\n\t\t<\/div>\n\t\t\t\t\t<\/div>\n\t\t<\/section>\n\t\t\t\t\t<\/div>\n\t\t<\/div>\n\t\t\t\t\t<\/div>\n\t\t<\/section>\n\t\t\t\t<\/div>","protected":false},"excerpt":{"rendered":"<p>L&rsquo;Afternoon Tea Du mercredi au samedi de 16h \u00e0 18h, sur r\u00e9servation Cette tradition anglaise a \u00e9t\u00e9 invent\u00e9e vers 1840 par la septi\u00e8me duchesse de Bedford, Anna Russel, amie intime de la Reine Victoria. Elle trouvait trop long le temps entre le d\u00e9jeuner et le d\u00eener, et demanda qu\u2019on lui serve un th\u00e9 accompagn\u00e9 de [&hellip;]<\/p>\n","protected":false},"author":1,"featured_media":0,"parent":0,"menu_order":0,"comment_status":"closed","ping_status":"closed","template":"","meta":{"footnotes":""},"class_list":["post-2561","page","type-page","status-publish","hentry"],"yoast_head":"<!-- This site is optimized with the Yoast SEO plugin v27.3 - https:\/\/yoast.com\/product\/yoast-seo-wordpress\/ -->\n<title>Afternoon Tea \u00e0 B\u00e9ziers | Maison Jullian<\/title>\n<meta name=\"description\" content=\"Savourez l\u2019Afternoon Tea chez Maison Jullian \u00e0 B\u00e9ziers : th\u00e9s, p\u00e2tisseries et douceurs maison dans un cadre \u00e9l\u00e9gant. Infos &amp; r\u00e9servation.\" \/>\n<meta name=\"robots\" content=\"index, follow, max-snippet:-1, max-image-preview:large, max-video-preview:-1\" \/>\n<link rel=\"canonical\" href=\"https:\/\/maisonjullian.com\/en\/salondethe-teatime-beziers\/\" \/>\n<meta property=\"og:locale\" content=\"en_GB\" \/>\n<meta property=\"og:type\" content=\"article\" \/>\n<meta property=\"og:title\" content=\"Afternoon Tea \u00e0 B\u00e9ziers | Maison Jullian\" \/>\n<meta property=\"og:description\" content=\"Savourez l\u2019Afternoon Tea chez Maison Jullian \u00e0 B\u00e9ziers : th\u00e9s, p\u00e2tisseries et douceurs maison dans un cadre \u00e9l\u00e9gant. Infos &amp; r\u00e9servation.\" \/>\n<meta property=\"og:url\" content=\"https:\/\/maisonjullian.com\/en\/salondethe-teatime-beziers\/\" \/>\n<meta property=\"og:site_name\" content=\"MAISON JULLIAN\" \/>\n<meta property=\"article:publisher\" content=\"https:\/\/www.facebook.com\/maisonjullianbeziers\" \/>\n<meta property=\"article:modified_time\" content=\"2026-01-26T15:51:14+00:00\" \/>\n<meta property=\"og:image\" content=\"https:\/\/maisonjullian.com\/wp-content\/uploads\/2023\/03\/MaisonJullian_facade-6597_websize.jpg\" \/>\n\t<meta property=\"og:image:width\" content=\"897\" \/>\n\t<meta property=\"og:image:height\" content=\"598\" \/>\n\t<meta property=\"og:image:type\" content=\"image\/jpeg\" \/>\n<meta name=\"twitter:card\" content=\"summary_large_image\" \/>\n<meta name=\"twitter:label1\" content=\"Estimated reading time\" \/>\n\t<meta name=\"twitter:data1\" content=\"1 minute\" \/>\n<script type=\"application\/ld+json\" class=\"yoast-schema-graph\">{\"@context\":\"https:\\\/\\\/schema.org\",\"@graph\":[{\"@type\":\"WebPage\",\"@id\":\"https:\\\/\\\/maisonjullian.com\\\/salondethe-teatime-beziers\\\/\",\"url\":\"https:\\\/\\\/maisonjullian.com\\\/salondethe-teatime-beziers\\\/\",\"name\":\"Afternoon Tea \u00e0 B\u00e9ziers | Maison Jullian\",\"isPartOf\":{\"@id\":\"https:\\\/\\\/maisonjullian.com\\\/#website\"},\"datePublished\":\"2024-03-14T09:54:54+00:00\",\"dateModified\":\"2026-01-26T15:51:14+00:00\",\"description\":\"Savourez l\u2019Afternoon Tea chez Maison Jullian \u00e0 B\u00e9ziers : th\u00e9s, p\u00e2tisseries et douceurs maison dans un cadre \u00e9l\u00e9gant. Infos & r\u00e9servation.\",\"breadcrumb\":{\"@id\":\"https:\\\/\\\/maisonjullian.com\\\/salondethe-teatime-beziers\\\/#breadcrumb\"},\"inLanguage\":\"en-GB\",\"potentialAction\":[{\"@type\":\"ReadAction\",\"target\":[\"https:\\\/\\\/maisonjullian.com\\\/salondethe-teatime-beziers\\\/\"]}]},{\"@type\":\"BreadcrumbList\",\"@id\":\"https:\\\/\\\/maisonjullian.com\\\/salondethe-teatime-beziers\\\/#breadcrumb\",\"itemListElement\":[{\"@type\":\"ListItem\",\"position\":1,\"name\":\"Accueil\",\"item\":\"https:\\\/\\\/maisonjullian.com\\\/\"},{\"@type\":\"ListItem\",\"position\":2,\"name\":\"Afternoon Tea\"}]},{\"@type\":\"WebSite\",\"@id\":\"https:\\\/\\\/maisonjullian.com\\\/#website\",\"url\":\"https:\\\/\\\/maisonjullian.com\\\/\",\"name\":\"MAISON JULLIAN\",\"description\":\"Folie biterroise\",\"publisher\":{\"@id\":\"https:\\\/\\\/maisonjullian.com\\\/#organization\"},\"alternateName\":\"Maison Jullian\",\"potentialAction\":[{\"@type\":\"SearchAction\",\"target\":{\"@type\":\"EntryPoint\",\"urlTemplate\":\"https:\\\/\\\/maisonjullian.com\\\/?s={search_term_string}\"},\"query-input\":{\"@type\":\"PropertyValueSpecification\",\"valueRequired\":true,\"valueName\":\"search_term_string\"}}],\"inLanguage\":\"en-GB\"},{\"@type\":\"Organization\",\"@id\":\"https:\\\/\\\/maisonjullian.com\\\/#organization\",\"name\":\"MAISON JULLIAN\",\"alternateName\":\"Maison Julian\",\"url\":\"https:\\\/\\\/maisonjullian.com\\\/\",\"logo\":{\"@type\":\"ImageObject\",\"inLanguage\":\"en-GB\",\"@id\":\"https:\\\/\\\/maisonjullian.com\\\/#\\\/schema\\\/logo\\\/image\\\/\",\"url\":\"https:\\\/\\\/maisonjullian.com\\\/wp-content\\\/uploads\\\/2022\\\/06\\\/Logo-MJ-Vectoriel.jpg\",\"contentUrl\":\"https:\\\/\\\/maisonjullian.com\\\/wp-content\\\/uploads\\\/2022\\\/06\\\/Logo-MJ-Vectoriel.jpg\",\"width\":500,\"height\":500,\"caption\":\"MAISON JULLIAN\"},\"image\":{\"@id\":\"https:\\\/\\\/maisonjullian.com\\\/#\\\/schema\\\/logo\\\/image\\\/\"},\"sameAs\":[\"https:\\\/\\\/www.facebook.com\\\/maisonjullianbeziers\",\"https:\\\/\\\/www.instagram.com\\\/maisonjullianbeziers\\\/\"]}]}<\/script>\n<!-- \/ Yoast SEO plugin. -->","yoast_head_json":{"title":"Afternoon Tea \u00e0 B\u00e9ziers | Maison Jullian","description":"Savourez l\u2019Afternoon Tea chez Maison Jullian \u00e0 B\u00e9ziers : th\u00e9s, p\u00e2tisseries et douceurs maison dans un cadre \u00e9l\u00e9gant. Infos & r\u00e9servation.","robots":{"index":"index","follow":"follow","max-snippet":"max-snippet:-1","max-image-preview":"max-image-preview:large","max-video-preview":"max-video-preview:-1"},"canonical":"https:\/\/maisonjullian.com\/en\/salondethe-teatime-beziers\/","og_locale":"en_GB","og_type":"article","og_title":"Afternoon Tea \u00e0 B\u00e9ziers | Maison Jullian","og_description":"Savourez l\u2019Afternoon Tea chez Maison Jullian \u00e0 B\u00e9ziers : th\u00e9s, p\u00e2tisseries et douceurs maison dans un cadre \u00e9l\u00e9gant. Infos & r\u00e9servation.","og_url":"https:\/\/maisonjullian.com\/en\/salondethe-teatime-beziers\/","og_site_name":"MAISON JULLIAN","article_publisher":"https:\/\/www.facebook.com\/maisonjullianbeziers","article_modified_time":"2026-01-26T15:51:14+00:00","og_image":[{"width":897,"height":598,"url":"https:\/\/maisonjullian.com\/wp-content\/uploads\/2023\/03\/MaisonJullian_facade-6597_websize.jpg","type":"image\/jpeg"}],"twitter_card":"summary_large_image","twitter_misc":{"Estimated reading time":"1 minute"},"schema":{"@context":"https:\/\/schema.org","@graph":[{"@type":"WebPage","@id":"https:\/\/maisonjullian.com\/salondethe-teatime-beziers\/","url":"https:\/\/maisonjullian.com\/salondethe-teatime-beziers\/","name":"Afternoon Tea \u00e0 B\u00e9ziers | Maison Jullian","isPartOf":{"@id":"https:\/\/maisonjullian.com\/#website"},"datePublished":"2024-03-14T09:54:54+00:00","dateModified":"2026-01-26T15:51:14+00:00","description":"Savourez l\u2019Afternoon Tea chez Maison Jullian \u00e0 B\u00e9ziers : th\u00e9s, p\u00e2tisseries et douceurs maison dans un cadre \u00e9l\u00e9gant. Infos & r\u00e9servation.","breadcrumb":{"@id":"https:\/\/maisonjullian.com\/salondethe-teatime-beziers\/#breadcrumb"},"inLanguage":"en-GB","potentialAction":[{"@type":"ReadAction","target":["https:\/\/maisonjullian.com\/salondethe-teatime-beziers\/"]}]},{"@type":"BreadcrumbList","@id":"https:\/\/maisonjullian.com\/salondethe-teatime-beziers\/#breadcrumb","itemListElement":[{"@type":"ListItem","position":1,"name":"Accueil","item":"https:\/\/maisonjullian.com\/"},{"@type":"ListItem","position":2,"name":"Afternoon Tea"}]},{"@type":"WebSite","@id":"https:\/\/maisonjullian.com\/#website","url":"https:\/\/maisonjullian.com\/","name":"MAISON JULLIAN","description":"Folie biterroise","publisher":{"@id":"https:\/\/maisonjullian.com\/#organization"},"alternateName":"Maison Jullian","potentialAction":[{"@type":"SearchAction","target":{"@type":"EntryPoint","urlTemplate":"https:\/\/maisonjullian.com\/?s={search_term_string}"},"query-input":{"@type":"PropertyValueSpecification","valueRequired":true,"valueName":"search_term_string"}}],"inLanguage":"en-GB"},{"@type":"Organization","@id":"https:\/\/maisonjullian.com\/#organization","name":"MAISON JULLIAN","alternateName":"Maison Julian","url":"https:\/\/maisonjullian.com\/","logo":{"@type":"ImageObject","inLanguage":"en-GB","@id":"https:\/\/maisonjullian.com\/#\/schema\/logo\/image\/","url":"https:\/\/maisonjullian.com\/wp-content\/uploads\/2022\/06\/Logo-MJ-Vectoriel.jpg","contentUrl":"https:\/\/maisonjullian.com\/wp-content\/uploads\/2022\/06\/Logo-MJ-Vectoriel.jpg","width":500,"height":500,"caption":"MAISON JULLIAN"},"image":{"@id":"https:\/\/maisonjullian.com\/#\/schema\/logo\/image\/"},"sameAs":["https:\/\/www.facebook.com\/maisonjullianbeziers","https:\/\/www.instagram.com\/maisonjullianbeziers\/"]}]}},"_links":{"self":[{"href":"https:\/\/maisonjullian.com\/en\/wp-json\/wp\/v2\/pages\/2561","targetHints":{"allow":["GET"]}}],"collection":[{"href":"https:\/\/maisonjullian.com\/en\/wp-json\/wp\/v2\/pages"}],"about":[{"href":"https:\/\/maisonjullian.com\/en\/wp-json\/wp\/v2\/types\/page"}],"author":[{"embeddable":true,"href":"https:\/\/maisonjullian.com\/en\/wp-json\/wp\/v2\/users\/1"}],"replies":[{"embeddable":true,"href":"https:\/\/maisonjullian.com\/en\/wp-json\/wp\/v2\/comments?post=2561"}],"version-history":[{"count":97,"href":"https:\/\/maisonjullian.com\/en\/wp-json\/wp\/v2\/pages\/2561\/revisions"}],"predecessor-version":[{"id":5557,"href":"https:\/\/maisonjullian.com\/en\/wp-json\/wp\/v2\/pages\/2561\/revisions\/5557"}],"wp:attachment":[{"href":"https:\/\/maisonjullian.com\/en\/wp-json\/wp\/v2\/media?parent=2561"}],"curies":[{"name":"wp","href":"https:\/\/api.w.org\/{rel}","templated":true}]}}