{"id":3045,"date":"2024-03-27T16:10:48","date_gmt":"2024-03-27T15:10:48","guid":{"rendered":"https:\/\/maisonjullian.com\/?page_id=3045"},"modified":"2026-01-26T16:19:41","modified_gmt":"2026-01-26T15:19:41","slug":"reservation-restaurant-gastronomique","status":"publish","type":"page","link":"https:\/\/maisonjullian.com\/en\/reservation-restaurant-gastronomique\/","title":{"rendered":"R\u00e9servation restaurant"},"content":{"rendered":"\t\t<div data-elementor-type=\"wp-page\" data-elementor-id=\"3045\" class=\"elementor elementor-3045\" data-elementor-post-type=\"page\">\n\t\t\t\t\t\t<section class=\"elementor-section elementor-top-section elementor-element elementor-element-3c92222c elementor-section-height-full elementor-section-full_width elementor-section-height-default elementor-section-items-middle\" data-id=\"3c92222c\" data-element_type=\"section\" data-e-type=\"section\" data-settings=\"{&quot;background_background&quot;:&quot;slideshow&quot;,&quot;background_slideshow_transition_duration&quot;:1500,&quot;background_slideshow_gallery&quot;:[{&quot;id&quot;:1334,&quot;url&quot;:&quot;https:\\\/\\\/maisonjullian.com\\\/wp-content\\\/uploads\\\/2023\\\/02\\\/MaisonJullian_grandsalon-5435_websize.jpg&quot;},{&quot;id&quot;:465,&quot;url&quot;:&quot;https:\\\/\\\/maisonjullian.com\\\/wp-content\\\/uploads\\\/2023\\\/01\\\/MaisonJullian_portrait-5514_websize.jpg&quot;},{&quot;id&quot;:397,&quot;url&quot;:&quot;https:\\\/\\\/maisonjullian.com\\\/wp-content\\\/uploads\\\/2023\\\/01\\\/MaisonJullian_grandsalon-5318_websize.jpg&quot;},{&quot;id&quot;:1337,&quot;url&quot;:&quot;https:\\\/\\\/maisonjullian.com\\\/wp-content\\\/uploads\\\/2023\\\/02\\\/MaisonJullian_portrait-5837_websize.jpg&quot;},{&quot;id&quot;:1366,&quot;url&quot;:&quot;https:\\\/\\\/maisonjullian.com\\\/wp-content\\\/uploads\\\/2023\\\/03\\\/MaisonJullian_grandsalon-5426.jpg&quot;},{&quot;id&quot;:1335,&quot;url&quot;:&quot;https:\\\/\\\/maisonjullian.com\\\/wp-content\\\/uploads\\\/2023\\\/02\\\/MaisonJullian_lasalleamanger-6980_websize.jpg&quot;}],&quot;background_slideshow_ken_burns&quot;:&quot;yes&quot;,&quot;background_slideshow_loop&quot;:&quot;yes&quot;,&quot;background_slideshow_slide_duration&quot;:5000,&quot;background_slideshow_slide_transition&quot;:&quot;fade&quot;,&quot;background_slideshow_ken_burns_zoom_direction&quot;:&quot;in&quot;}\">\n\t\t\t\t\t\t<div class=\"elementor-container elementor-column-gap-default\">\n\t\t\t\t\t<div class=\"elementor-column elementor-col-100 elementor-top-column elementor-element elementor-element-6cbdd5f3\" data-id=\"6cbdd5f3\" data-element_type=\"column\" data-e-type=\"column\">\n\t\t\t<div class=\"elementor-widget-wrap elementor-element-populated\">\n\t\t\t\t\t\t<div class=\"elementor-element elementor-element-f5f18ff elementor-widget elementor-widget-heading\" data-id=\"f5f18ff\" data-element_type=\"widget\" data-e-type=\"widget\" data-settings=\"{&quot;_animation_mobile&quot;:&quot;none&quot;}\" data-widget_type=\"heading.default\">\n\t\t\t\t<div class=\"elementor-widget-container\">\n\t\t\t\t\t<h1 class=\"elementor-heading-title elementor-size-default\">R\u00e9servation<\/h1>\t\t\t\t<\/div>\n\t\t\t\t<\/div>\n\t\t\t\t\t<\/div>\n\t\t<\/div>\n\t\t\t\t\t<\/div>\n\t\t<\/section>\n\t\t\t\t<section class=\"elementor-section elementor-top-section elementor-element elementor-element-523ac8f elementor-section-height-full elementor-section-full_width elementor-section-height-default elementor-section-items-middle\" data-id=\"523ac8f\" data-element_type=\"section\" data-e-type=\"section\" data-settings=\"{&quot;background_background&quot;:&quot;classic&quot;}\">\n\t\t\t\t\t\t<div class=\"elementor-container elementor-column-gap-default\">\n\t\t\t\t\t<div class=\"elementor-column elementor-col-100 elementor-top-column elementor-element elementor-element-3fcaaa6\" data-id=\"3fcaaa6\" data-element_type=\"column\" data-e-type=\"column\">\n\t\t\t<div class=\"elementor-widget-wrap elementor-element-populated\">\n\t\t\t\t\t\t<div class=\"elementor-element elementor-element-92f0530 elementor-widget elementor-widget-html\" data-id=\"92f0530\" data-element_type=\"widget\" data-e-type=\"widget\" data-widget_type=\"html.default\">\n\t\t\t\t<div class=\"elementor-widget-container\">\n\t\t\t\t\t <!-- reservation widget -->\n<iframe src='https:\/\/bookings.zenchef.com\/results?rid=364887&fullscreen=1' frameborder='0' scrolling='yes' width='100%' height='630' style='display: block; margin: 0 auto; max-width: 600px; height:630px;'><\/iframe>\t\t\t\t<\/div>\n\t\t\t\t<\/div>\n\t\t\t\t\t<\/div>\n\t\t<\/div>\n\t\t\t\t\t<\/div>\n\t\t<\/section>\n\t\t\t\t<\/div>\n\t\t","protected":false},"excerpt":{"rendered":"<p>Reservations<\/p>","protected":false},"author":1,"featured_media":0,"parent":0,"menu_order":0,"comment_status":"closed","ping_status":"closed","template":"","meta":{"footnotes":""},"class_list":["post-3045","page","type-page","status-publish","hentry"],"yoast_head":"<!-- This site is optimized with the Yoast SEO plugin v27.3 - https:\/\/yoast.com\/product\/yoast-seo-wordpress\/ -->\n<title>Restaurant gastronomique \u00e0 B\u00e9ziers | Maison Jullian<\/title>\n<meta name=\"description\" content=\"D\u00e9couvrez le restaurant gastronomique de Maison Jullian \u00e0 B\u00e9ziers : cuisine de saison, produits locaux, menus, r\u00e9servations et horaires.\" \/>\n<meta name=\"robots\" content=\"index, follow, max-snippet:-1, max-image-preview:large, max-video-preview:-1\" \/>\n<link rel=\"canonical\" href=\"https:\/\/maisonjullian.com\/en\/reservation-restaurant-gastronomique\/\" \/>\n<meta property=\"og:locale\" content=\"en_GB\" \/>\n<meta property=\"og:type\" content=\"article\" \/>\n<meta property=\"og:title\" content=\"Restaurant gastronomique \u00e0 B\u00e9ziers | Maison Jullian\" \/>\n<meta property=\"og:description\" content=\"D\u00e9couvrez le restaurant gastronomique de Maison Jullian \u00e0 B\u00e9ziers : cuisine de saison, produits locaux, menus, r\u00e9servations et horaires.\" \/>\n<meta property=\"og:url\" content=\"https:\/\/maisonjullian.com\/en\/reservation-restaurant-gastronomique\/\" \/>\n<meta property=\"og:site_name\" content=\"MAISON JULLIAN\" \/>\n<meta property=\"article:publisher\" content=\"https:\/\/www.facebook.com\/maisonjullianbeziers\" \/>\n<meta property=\"article:modified_time\" content=\"2026-01-26T15:19:41+00:00\" \/>\n<meta property=\"og:image\" content=\"https:\/\/maisonjullian.com\/wp-content\/uploads\/2023\/03\/MaisonJullian_facade-6597_websize.jpg\" \/>\n\t<meta property=\"og:image:width\" content=\"897\" \/>\n\t<meta property=\"og:image:height\" content=\"598\" \/>\n\t<meta property=\"og:image:type\" content=\"image\/jpeg\" \/>\n<meta name=\"twitter:card\" content=\"summary_large_image\" \/>\n<meta name=\"twitter:label1\" content=\"Estimated reading time\" \/>\n\t<meta name=\"twitter:data1\" content=\"1 minute\" \/>\n<script type=\"application\/ld+json\" class=\"yoast-schema-graph\">{\"@context\":\"https:\\\/\\\/schema.org\",\"@graph\":[{\"@type\":\"WebPage\",\"@id\":\"https:\\\/\\\/maisonjullian.com\\\/reservation-restaurant-gastronomique\\\/\",\"url\":\"https:\\\/\\\/maisonjullian.com\\\/reservation-restaurant-gastronomique\\\/\",\"name\":\"Restaurant gastronomique \u00e0 B\u00e9ziers | Maison Jullian\",\"isPartOf\":{\"@id\":\"https:\\\/\\\/maisonjullian.com\\\/#website\"},\"datePublished\":\"2024-03-27T15:10:48+00:00\",\"dateModified\":\"2026-01-26T15:19:41+00:00\",\"description\":\"D\u00e9couvrez le restaurant gastronomique de Maison Jullian \u00e0 B\u00e9ziers : cuisine de saison, produits locaux, menus, r\u00e9servations et horaires.\",\"breadcrumb\":{\"@id\":\"https:\\\/\\\/maisonjullian.com\\\/reservation-restaurant-gastronomique\\\/#breadcrumb\"},\"inLanguage\":\"en-GB\",\"potentialAction\":[{\"@type\":\"ReadAction\",\"target\":[\"https:\\\/\\\/maisonjullian.com\\\/reservation-restaurant-gastronomique\\\/\"]}]},{\"@type\":\"BreadcrumbList\",\"@id\":\"https:\\\/\\\/maisonjullian.com\\\/reservation-restaurant-gastronomique\\\/#breadcrumb\",\"itemListElement\":[{\"@type\":\"ListItem\",\"position\":1,\"name\":\"Accueil\",\"item\":\"https:\\\/\\\/maisonjullian.com\\\/\"},{\"@type\":\"ListItem\",\"position\":2,\"name\":\"R\u00e9servation restaurant\"}]},{\"@type\":\"WebSite\",\"@id\":\"https:\\\/\\\/maisonjullian.com\\\/#website\",\"url\":\"https:\\\/\\\/maisonjullian.com\\\/\",\"name\":\"MAISON JULLIAN\",\"description\":\"Folie biterroise\",\"publisher\":{\"@id\":\"https:\\\/\\\/maisonjullian.com\\\/#organization\"},\"alternateName\":\"Maison Jullian\",\"potentialAction\":[{\"@type\":\"SearchAction\",\"target\":{\"@type\":\"EntryPoint\",\"urlTemplate\":\"https:\\\/\\\/maisonjullian.com\\\/?s={search_term_string}\"},\"query-input\":{\"@type\":\"PropertyValueSpecification\",\"valueRequired\":true,\"valueName\":\"search_term_string\"}}],\"inLanguage\":\"en-GB\"},{\"@type\":\"Organization\",\"@id\":\"https:\\\/\\\/maisonjullian.com\\\/#organization\",\"name\":\"MAISON JULLIAN\",\"alternateName\":\"Maison Julian\",\"url\":\"https:\\\/\\\/maisonjullian.com\\\/\",\"logo\":{\"@type\":\"ImageObject\",\"inLanguage\":\"en-GB\",\"@id\":\"https:\\\/\\\/maisonjullian.com\\\/#\\\/schema\\\/logo\\\/image\\\/\",\"url\":\"https:\\\/\\\/maisonjullian.com\\\/wp-content\\\/uploads\\\/2022\\\/06\\\/Logo-MJ-Vectoriel.jpg\",\"contentUrl\":\"https:\\\/\\\/maisonjullian.com\\\/wp-content\\\/uploads\\\/2022\\\/06\\\/Logo-MJ-Vectoriel.jpg\",\"width\":500,\"height\":500,\"caption\":\"MAISON JULLIAN\"},\"image\":{\"@id\":\"https:\\\/\\\/maisonjullian.com\\\/#\\\/schema\\\/logo\\\/image\\\/\"},\"sameAs\":[\"https:\\\/\\\/www.facebook.com\\\/maisonjullianbeziers\",\"https:\\\/\\\/www.instagram.com\\\/maisonjullianbeziers\\\/\"]}]}<\/script>\n<!-- \/ Yoast SEO plugin. -->","yoast_head_json":{"title":"Restaurant gastronomique \u00e0 B\u00e9ziers | Maison Jullian","description":"D\u00e9couvrez le restaurant gastronomique de Maison Jullian \u00e0 B\u00e9ziers : cuisine de saison, produits locaux, menus, r\u00e9servations et horaires.","robots":{"index":"index","follow":"follow","max-snippet":"max-snippet:-1","max-image-preview":"max-image-preview:large","max-video-preview":"max-video-preview:-1"},"canonical":"https:\/\/maisonjullian.com\/en\/reservation-restaurant-gastronomique\/","og_locale":"en_GB","og_type":"article","og_title":"Restaurant gastronomique \u00e0 B\u00e9ziers | Maison Jullian","og_description":"D\u00e9couvrez le restaurant gastronomique de Maison Jullian \u00e0 B\u00e9ziers : cuisine de saison, produits locaux, menus, r\u00e9servations et horaires.","og_url":"https:\/\/maisonjullian.com\/en\/reservation-restaurant-gastronomique\/","og_site_name":"MAISON JULLIAN","article_publisher":"https:\/\/www.facebook.com\/maisonjullianbeziers","article_modified_time":"2026-01-26T15:19:41+00:00","og_image":[{"width":897,"height":598,"url":"https:\/\/maisonjullian.com\/wp-content\/uploads\/2023\/03\/MaisonJullian_facade-6597_websize.jpg","type":"image\/jpeg"}],"twitter_card":"summary_large_image","twitter_misc":{"Estimated reading time":"1 minute"},"schema":{"@context":"https:\/\/schema.org","@graph":[{"@type":"WebPage","@id":"https:\/\/maisonjullian.com\/reservation-restaurant-gastronomique\/","url":"https:\/\/maisonjullian.com\/reservation-restaurant-gastronomique\/","name":"Restaurant gastronomique \u00e0 B\u00e9ziers | Maison Jullian","isPartOf":{"@id":"https:\/\/maisonjullian.com\/#website"},"datePublished":"2024-03-27T15:10:48+00:00","dateModified":"2026-01-26T15:19:41+00:00","description":"D\u00e9couvrez le restaurant gastronomique de Maison Jullian \u00e0 B\u00e9ziers : cuisine de saison, produits locaux, menus, r\u00e9servations et horaires.","breadcrumb":{"@id":"https:\/\/maisonjullian.com\/reservation-restaurant-gastronomique\/#breadcrumb"},"inLanguage":"en-GB","potentialAction":[{"@type":"ReadAction","target":["https:\/\/maisonjullian.com\/reservation-restaurant-gastronomique\/"]}]},{"@type":"BreadcrumbList","@id":"https:\/\/maisonjullian.com\/reservation-restaurant-gastronomique\/#breadcrumb","itemListElement":[{"@type":"ListItem","position":1,"name":"Accueil","item":"https:\/\/maisonjullian.com\/"},{"@type":"ListItem","position":2,"name":"R\u00e9servation restaurant"}]},{"@type":"WebSite","@id":"https:\/\/maisonjullian.com\/#website","url":"https:\/\/maisonjullian.com\/","name":"MAISON JULLIAN","description":"Folie biterroise","publisher":{"@id":"https:\/\/maisonjullian.com\/#organization"},"alternateName":"Maison Jullian","potentialAction":[{"@type":"SearchAction","target":{"@type":"EntryPoint","urlTemplate":"https:\/\/maisonjullian.com\/?s={search_term_string}"},"query-input":{"@type":"PropertyValueSpecification","valueRequired":true,"valueName":"search_term_string"}}],"inLanguage":"en-GB"},{"@type":"Organization","@id":"https:\/\/maisonjullian.com\/#organization","name":"MAISON JULLIAN","alternateName":"Maison Julian","url":"https:\/\/maisonjullian.com\/","logo":{"@type":"ImageObject","inLanguage":"en-GB","@id":"https:\/\/maisonjullian.com\/#\/schema\/logo\/image\/","url":"https:\/\/maisonjullian.com\/wp-content\/uploads\/2022\/06\/Logo-MJ-Vectoriel.jpg","contentUrl":"https:\/\/maisonjullian.com\/wp-content\/uploads\/2022\/06\/Logo-MJ-Vectoriel.jpg","width":500,"height":500,"caption":"MAISON JULLIAN"},"image":{"@id":"https:\/\/maisonjullian.com\/#\/schema\/logo\/image\/"},"sameAs":["https:\/\/www.facebook.com\/maisonjullianbeziers","https:\/\/www.instagram.com\/maisonjullianbeziers\/"]}]}},"_links":{"self":[{"href":"https:\/\/maisonjullian.com\/en\/wp-json\/wp\/v2\/pages\/3045","targetHints":{"allow":["GET"]}}],"collection":[{"href":"https:\/\/maisonjullian.com\/en\/wp-json\/wp\/v2\/pages"}],"about":[{"href":"https:\/\/maisonjullian.com\/en\/wp-json\/wp\/v2\/types\/page"}],"author":[{"embeddable":true,"href":"https:\/\/maisonjullian.com\/en\/wp-json\/wp\/v2\/users\/1"}],"replies":[{"embeddable":true,"href":"https:\/\/maisonjullian.com\/en\/wp-json\/wp\/v2\/comments?post=3045"}],"version-history":[{"count":20,"href":"https:\/\/maisonjullian.com\/en\/wp-json\/wp\/v2\/pages\/3045\/revisions"}],"predecessor-version":[{"id":4548,"href":"https:\/\/maisonjullian.com\/en\/wp-json\/wp\/v2\/pages\/3045\/revisions\/4548"}],"wp:attachment":[{"href":"https:\/\/maisonjullian.com\/en\/wp-json\/wp\/v2\/media?parent=3045"}],"curies":[{"name":"wp","href":"https:\/\/api.w.org\/{rel}","templated":true}]}}