{"id":3317,"date":"2024-04-11T18:13:07","date_gmt":"2024-04-11T16:13:07","guid":{"rendered":"https:\/\/maisonjullian.com\/?page_id=3317"},"modified":"2026-01-26T16:34:32","modified_gmt":"2026-01-26T15:34:32","slug":"les-cartes-du-restaurant","status":"publish","type":"page","link":"https:\/\/maisonjullian.com\/en\/les-cartes-du-restaurant\/","title":{"rendered":"Les cartes du restaurant"},"content":{"rendered":"<div data-elementor-type=\"wp-page\" data-elementor-id=\"3317\" class=\"elementor elementor-3317\" data-elementor-post-type=\"page\">\n\t\t\t\t\t\t<section class=\"elementor-section elementor-top-section elementor-element elementor-element-e120e64 elementor-section-full_width elementor-section-height-default elementor-section-height-default\" data-id=\"e120e64\" data-element_type=\"section\" data-e-type=\"section\">\n\t\t\t\t\t\t<div class=\"elementor-container elementor-column-gap-no\">\n\t\t\t\t\t<div class=\"elementor-column elementor-col-50 elementor-top-column elementor-element elementor-element-38d7668\" data-id=\"38d7668\" data-element_type=\"column\" data-e-type=\"column\" data-settings=\"{&quot;background_background&quot;:&quot;classic&quot;}\">\n\t\t\t<div class=\"elementor-widget-wrap elementor-element-populated\">\n\t\t\t\t\t<div class=\"elementor-background-overlay\"><\/div>\n\t\t\t\t\t\t<div class=\"elementor-element elementor-element-838e8cb elementor-widget elementor-widget-heading\" data-id=\"838e8cb\" data-element_type=\"widget\" data-e-type=\"widget\" data-settings=\"{&quot;_animation_mobile&quot;:&quot;none&quot;}\" data-widget_type=\"heading.default\">\n\t\t\t\t<div class=\"elementor-widget-container\">\n\t\t\t\t\t<h1 class=\"elementor-heading-title elementor-size-default\">Lunch \n<br>&amp; Brunch<\/h1>\t\t\t\t<\/div>\n\t\t\t\t<\/div>\n\t\t\t\t<section class=\"elementor-section elementor-inner-section elementor-element elementor-element-9f21944 elementor-section-boxed elementor-section-height-default elementor-section-height-default\" data-id=\"9f21944\" data-element_type=\"section\" data-e-type=\"section\">\n\t\t\t\t\t\t<div class=\"elementor-container elementor-column-gap-default\">\n\t\t\t\t\t<div class=\"elementor-column elementor-col-50 elementor-inner-column elementor-element elementor-element-2edf446\" data-id=\"2edf446\" data-element_type=\"column\" data-e-type=\"column\">\n\t\t\t<div class=\"elementor-widget-wrap elementor-element-populated\">\n\t\t\t\t\t\t<div class=\"elementor-element elementor-element-0a01677 elementor-align-center elementor-mobile-align-center elementor-widget elementor-widget-button\" data-id=\"0a01677\" data-element_type=\"widget\" data-e-type=\"widget\" data-settings=\"{&quot;_animation_mobile&quot;:&quot;none&quot;}\" data-widget_type=\"button.default\">\n\t\t\t\t<div class=\"elementor-widget-container\">\n\t\t\t\t\t\t\t\t\t<div class=\"elementor-button-wrapper\">\n\t\t\t\t\t<a class=\"elementor-button elementor-button-link elementor-size-sm\" href=\"https:\/\/maisonjullian.com\/en\/restaurant-gastronomique-beziers\/\">\n\t\t\t\t\t\t<span class=\"elementor-button-content-wrapper\">\n\t\t\t\t\t\t\t\t\t<span class=\"elementor-button-text\">LUNCH<\/span>\n\t\t\t\t\t<\/span>\n\t\t\t\t\t<\/a>\n\t\t\t\t<\/div>\n\t\t\t\t\t\t\t\t<\/div>\n\t\t\t\t<\/div>\n\t\t\t\t\t<\/div>\n\t\t<\/div>\n\t\t\t\t<div class=\"elementor-column elementor-col-50 elementor-inner-column elementor-element elementor-element-9fcf7f7\" data-id=\"9fcf7f7\" data-element_type=\"column\" data-e-type=\"column\">\n\t\t\t<div class=\"elementor-widget-wrap elementor-element-populated\">\n\t\t\t\t\t\t<div class=\"elementor-element elementor-element-f10cecc elementor-align-center elementor-mobile-align-center elementor-widget elementor-widget-button\" data-id=\"f10cecc\" data-element_type=\"widget\" data-e-type=\"widget\" data-settings=\"{&quot;_animation_mobile&quot;:&quot;none&quot;}\" data-widget_type=\"button.default\">\n\t\t\t\t<div class=\"elementor-widget-container\">\n\t\t\t\t\t\t\t\t\t<div class=\"elementor-button-wrapper\">\n\t\t\t\t\t<a class=\"elementor-button elementor-button-link elementor-size-sm\" href=\"https:\/\/maisonjullian.com\/en\/le-brunch\/\">\n\t\t\t\t\t\t<span class=\"elementor-button-content-wrapper\">\n\t\t\t\t\t\t\t\t\t<span class=\"elementor-button-text\">BRUNCH<\/span>\n\t\t\t\t\t<\/span>\n\t\t\t\t\t<\/a>\n\t\t\t\t<\/div>\n\t\t\t\t\t\t\t\t<\/div>\n\t\t\t\t<\/div>\n\t\t\t\t\t<\/div>\n\t\t<\/div>\n\t\t\t\t\t<\/div>\n\t\t<\/section>\n\t\t\t\t\t<\/div>\n\t\t<\/div>\n\t\t\t\t<div class=\"elementor-column elementor-col-50 elementor-top-column elementor-element elementor-element-958631f\" data-id=\"958631f\" data-element_type=\"column\" data-e-type=\"column\" data-settings=\"{&quot;background_background&quot;:&quot;classic&quot;}\">\n\t\t\t<div class=\"elementor-widget-wrap elementor-element-populated\">\n\t\t\t\t\t<div class=\"elementor-background-overlay\"><\/div>\n\t\t\t\t\t\t<div class=\"elementor-element elementor-element-b97f55b elementor-widget elementor-widget-heading\" data-id=\"b97f55b\" data-element_type=\"widget\" data-e-type=\"widget\" data-settings=\"{&quot;_animation_mobile&quot;:&quot;none&quot;}\" data-widget_type=\"heading.default\">\n\t\t\t\t<div class=\"elementor-widget-container\">\n\t\t\t\t\t<h1 class=\"elementor-heading-title elementor-size-default\">Afternoon Tea &amp;<br>Breakfast<\/h1>\t\t\t\t<\/div>\n\t\t\t\t<\/div>\n\t\t\t\t<section class=\"elementor-section elementor-inner-section elementor-element elementor-element-707370b elementor-section-boxed elementor-section-height-default elementor-section-height-default\" data-id=\"707370b\" data-element_type=\"section\" data-e-type=\"section\">\n\t\t\t\t\t\t<div class=\"elementor-container elementor-column-gap-default\">\n\t\t\t\t\t<div class=\"elementor-column elementor-col-50 elementor-inner-column elementor-element elementor-element-37a071f\" data-id=\"37a071f\" data-element_type=\"column\" data-e-type=\"column\">\n\t\t\t<div class=\"elementor-widget-wrap elementor-element-populated\">\n\t\t\t\t\t\t<div class=\"elementor-element elementor-element-6f3df65 elementor-align-center elementor-widget elementor-widget-button\" data-id=\"6f3df65\" data-element_type=\"widget\" data-e-type=\"widget\" data-settings=\"{&quot;_animation_mobile&quot;:&quot;none&quot;}\" data-widget_type=\"button.default\">\n\t\t\t\t<div class=\"elementor-widget-container\">\n\t\t\t\t\t\t\t\t\t<div class=\"elementor-button-wrapper\">\n\t\t\t\t\t<a class=\"elementor-button elementor-button-link elementor-size-sm\" href=\"https:\/\/maisonjullian.com\/en\/salondethe-teatime-beziers\/\">\n\t\t\t\t\t\t<span class=\"elementor-button-content-wrapper\">\n\t\t\t\t\t\t\t\t\t<span class=\"elementor-button-text\">TEA TIME<\/span>\n\t\t\t\t\t<\/span>\n\t\t\t\t\t<\/a>\n\t\t\t\t<\/div>\n\t\t\t\t\t\t\t\t<\/div>\n\t\t\t\t<\/div>\n\t\t\t\t\t<\/div>\n\t\t<\/div>\n\t\t\t\t<div class=\"elementor-column elementor-col-50 elementor-inner-column elementor-element elementor-element-b89f0fc\" data-id=\"b89f0fc\" data-element_type=\"column\" data-e-type=\"column\">\n\t\t\t<div class=\"elementor-widget-wrap elementor-element-populated\">\n\t\t\t\t\t\t<div class=\"elementor-element elementor-element-ae0218f elementor-align-center elementor-widget elementor-widget-button\" data-id=\"ae0218f\" data-element_type=\"widget\" data-e-type=\"widget\" data-settings=\"{&quot;_animation_mobile&quot;:&quot;none&quot;}\" data-widget_type=\"button.default\">\n\t\t\t\t<div class=\"elementor-widget-container\">\n\t\t\t\t\t\t\t\t\t<div class=\"elementor-button-wrapper\">\n\t\t\t\t\t<a class=\"elementor-button elementor-button-link elementor-size-sm\" href=\"https:\/\/maisonjullian.com\/en\/restaurant-petit-dejeuner-beziers\/\">\n\t\t\t\t\t\t<span class=\"elementor-button-content-wrapper\">\n\t\t\t\t\t\t\t\t\t<span class=\"elementor-button-text\">BREAKFAST<\/span>\n\t\t\t\t\t<\/span>\n\t\t\t\t\t<\/a>\n\t\t\t\t<\/div>\n\t\t\t\t\t\t\t\t<\/div>\n\t\t\t\t<\/div>\n\t\t\t\t\t<\/div>\n\t\t<\/div>\n\t\t\t\t\t<\/div>\n\t\t<\/section>\n\t\t\t\t\t<\/div>\n\t\t<\/div>\n\t\t\t\t\t<\/div>\n\t\t<\/section>\n\t\t\t\t<\/div>","protected":false},"excerpt":{"rendered":"<p>D\u00e9jeuner &#038; Brunch DEJEUNER BRUNCHER Afternoon Tea &#038;Petit-d\u00e9jeuner GOUTER PETIT-DEJEUNER<\/p>","protected":false},"author":1,"featured_media":0,"parent":0,"menu_order":0,"comment_status":"closed","ping_status":"closed","template":"","meta":{"footnotes":""},"class_list":["post-3317","page","type-page","status-publish","hentry"],"yoast_head":"<!-- This site is optimized with the Yoast SEO plugin v27.3 - https:\/\/yoast.com\/product\/yoast-seo-wordpress\/ -->\n<title>Cartes &amp; menus | Restaurant Maison Jullian B\u00e9ziers<\/title>\n<meta name=\"description\" content=\"\u00c0 B\u00e9ziers, Maison Jullian propose une cuisine d\u2019auteur et locavore dans un ch\u00e2teau : cartes, menus de saison et chef au parcours \u00e9toil\u00e9.\" \/>\n<meta name=\"robots\" content=\"index, follow, max-snippet:-1, max-image-preview:large, max-video-preview:-1\" \/>\n<link rel=\"canonical\" href=\"https:\/\/maisonjullian.com\/en\/les-cartes-du-restaurant\/\" \/>\n<meta property=\"og:locale\" content=\"en_GB\" \/>\n<meta property=\"og:type\" content=\"article\" \/>\n<meta property=\"og:title\" content=\"Cartes &amp; menus | Restaurant Maison Jullian B\u00e9ziers\" \/>\n<meta property=\"og:description\" content=\"\u00c0 B\u00e9ziers, Maison Jullian propose une cuisine d\u2019auteur et locavore dans un ch\u00e2teau : cartes, menus de saison et chef au parcours \u00e9toil\u00e9.\" \/>\n<meta property=\"og:url\" content=\"https:\/\/maisonjullian.com\/en\/les-cartes-du-restaurant\/\" \/>\n<meta property=\"og:site_name\" content=\"MAISON JULLIAN\" \/>\n<meta property=\"article:publisher\" content=\"https:\/\/www.facebook.com\/maisonjullianbeziers\" \/>\n<meta property=\"article:modified_time\" content=\"2026-01-26T15:34:32+00:00\" \/>\n<meta property=\"og:image\" content=\"https:\/\/maisonjullian.com\/wp-content\/uploads\/2023\/03\/MaisonJullian_facade-6597_websize.jpg\" \/>\n\t<meta property=\"og:image:width\" content=\"897\" \/>\n\t<meta property=\"og:image:height\" content=\"598\" \/>\n\t<meta property=\"og:image:type\" content=\"image\/jpeg\" \/>\n<meta name=\"twitter:card\" content=\"summary_large_image\" \/>\n<meta name=\"twitter:label1\" content=\"Estimated reading time\" \/>\n\t<meta name=\"twitter:data1\" content=\"1 minute\" \/>\n<script type=\"application\/ld+json\" class=\"yoast-schema-graph\">{\"@context\":\"https:\\\/\\\/schema.org\",\"@graph\":[{\"@type\":\"WebPage\",\"@id\":\"https:\\\/\\\/maisonjullian.com\\\/les-cartes-du-restaurant\\\/\",\"url\":\"https:\\\/\\\/maisonjullian.com\\\/les-cartes-du-restaurant\\\/\",\"name\":\"Cartes & menus | Restaurant Maison Jullian B\u00e9ziers\",\"isPartOf\":{\"@id\":\"https:\\\/\\\/maisonjullian.com\\\/#website\"},\"datePublished\":\"2024-04-11T16:13:07+00:00\",\"dateModified\":\"2026-01-26T15:34:32+00:00\",\"description\":\"\u00c0 B\u00e9ziers, Maison Jullian propose une cuisine d\u2019auteur et locavore dans un ch\u00e2teau : cartes, menus de saison et chef au parcours \u00e9toil\u00e9.\",\"breadcrumb\":{\"@id\":\"https:\\\/\\\/maisonjullian.com\\\/les-cartes-du-restaurant\\\/#breadcrumb\"},\"inLanguage\":\"en-GB\",\"potentialAction\":[{\"@type\":\"ReadAction\",\"target\":[\"https:\\\/\\\/maisonjullian.com\\\/les-cartes-du-restaurant\\\/\"]}]},{\"@type\":\"BreadcrumbList\",\"@id\":\"https:\\\/\\\/maisonjullian.com\\\/les-cartes-du-restaurant\\\/#breadcrumb\",\"itemListElement\":[{\"@type\":\"ListItem\",\"position\":1,\"name\":\"Accueil\",\"item\":\"https:\\\/\\\/maisonjullian.com\\\/\"},{\"@type\":\"ListItem\",\"position\":2,\"name\":\"Les cartes du restaurant\"}]},{\"@type\":\"WebSite\",\"@id\":\"https:\\\/\\\/maisonjullian.com\\\/#website\",\"url\":\"https:\\\/\\\/maisonjullian.com\\\/\",\"name\":\"MAISON JULLIAN\",\"description\":\"Folie biterroise\",\"publisher\":{\"@id\":\"https:\\\/\\\/maisonjullian.com\\\/#organization\"},\"alternateName\":\"Maison Jullian\",\"potentialAction\":[{\"@type\":\"SearchAction\",\"target\":{\"@type\":\"EntryPoint\",\"urlTemplate\":\"https:\\\/\\\/maisonjullian.com\\\/?s={search_term_string}\"},\"query-input\":{\"@type\":\"PropertyValueSpecification\",\"valueRequired\":true,\"valueName\":\"search_term_string\"}}],\"inLanguage\":\"en-GB\"},{\"@type\":\"Organization\",\"@id\":\"https:\\\/\\\/maisonjullian.com\\\/#organization\",\"name\":\"MAISON JULLIAN\",\"alternateName\":\"Maison Julian\",\"url\":\"https:\\\/\\\/maisonjullian.com\\\/\",\"logo\":{\"@type\":\"ImageObject\",\"inLanguage\":\"en-GB\",\"@id\":\"https:\\\/\\\/maisonjullian.com\\\/#\\\/schema\\\/logo\\\/image\\\/\",\"url\":\"https:\\\/\\\/maisonjullian.com\\\/wp-content\\\/uploads\\\/2022\\\/06\\\/Logo-MJ-Vectoriel.jpg\",\"contentUrl\":\"https:\\\/\\\/maisonjullian.com\\\/wp-content\\\/uploads\\\/2022\\\/06\\\/Logo-MJ-Vectoriel.jpg\",\"width\":500,\"height\":500,\"caption\":\"MAISON JULLIAN\"},\"image\":{\"@id\":\"https:\\\/\\\/maisonjullian.com\\\/#\\\/schema\\\/logo\\\/image\\\/\"},\"sameAs\":[\"https:\\\/\\\/www.facebook.com\\\/maisonjullianbeziers\",\"https:\\\/\\\/www.instagram.com\\\/maisonjullianbeziers\\\/\"]}]}<\/script>\n<!-- \/ Yoast SEO plugin. -->","yoast_head_json":{"title":"Cartes & menus | Restaurant Maison Jullian B\u00e9ziers","description":"\u00c0 B\u00e9ziers, Maison Jullian propose une cuisine d\u2019auteur et locavore dans un ch\u00e2teau : cartes, menus de saison et chef au parcours \u00e9toil\u00e9.","robots":{"index":"index","follow":"follow","max-snippet":"max-snippet:-1","max-image-preview":"max-image-preview:large","max-video-preview":"max-video-preview:-1"},"canonical":"https:\/\/maisonjullian.com\/en\/les-cartes-du-restaurant\/","og_locale":"en_GB","og_type":"article","og_title":"Cartes & menus | Restaurant Maison Jullian B\u00e9ziers","og_description":"\u00c0 B\u00e9ziers, Maison Jullian propose une cuisine d\u2019auteur et locavore dans un ch\u00e2teau : cartes, menus de saison et chef au parcours \u00e9toil\u00e9.","og_url":"https:\/\/maisonjullian.com\/en\/les-cartes-du-restaurant\/","og_site_name":"MAISON JULLIAN","article_publisher":"https:\/\/www.facebook.com\/maisonjullianbeziers","article_modified_time":"2026-01-26T15:34:32+00:00","og_image":[{"width":897,"height":598,"url":"https:\/\/maisonjullian.com\/wp-content\/uploads\/2023\/03\/MaisonJullian_facade-6597_websize.jpg","type":"image\/jpeg"}],"twitter_card":"summary_large_image","twitter_misc":{"Estimated reading time":"1 minute"},"schema":{"@context":"https:\/\/schema.org","@graph":[{"@type":"WebPage","@id":"https:\/\/maisonjullian.com\/les-cartes-du-restaurant\/","url":"https:\/\/maisonjullian.com\/les-cartes-du-restaurant\/","name":"Cartes & menus | Restaurant Maison Jullian B\u00e9ziers","isPartOf":{"@id":"https:\/\/maisonjullian.com\/#website"},"datePublished":"2024-04-11T16:13:07+00:00","dateModified":"2026-01-26T15:34:32+00:00","description":"\u00c0 B\u00e9ziers, Maison Jullian propose une cuisine d\u2019auteur et locavore dans un ch\u00e2teau : cartes, menus de saison et chef au parcours \u00e9toil\u00e9.","breadcrumb":{"@id":"https:\/\/maisonjullian.com\/les-cartes-du-restaurant\/#breadcrumb"},"inLanguage":"en-GB","potentialAction":[{"@type":"ReadAction","target":["https:\/\/maisonjullian.com\/les-cartes-du-restaurant\/"]}]},{"@type":"BreadcrumbList","@id":"https:\/\/maisonjullian.com\/les-cartes-du-restaurant\/#breadcrumb","itemListElement":[{"@type":"ListItem","position":1,"name":"Accueil","item":"https:\/\/maisonjullian.com\/"},{"@type":"ListItem","position":2,"name":"Les cartes du restaurant"}]},{"@type":"WebSite","@id":"https:\/\/maisonjullian.com\/#website","url":"https:\/\/maisonjullian.com\/","name":"MAISON JULLIAN","description":"Folie biterroise","publisher":{"@id":"https:\/\/maisonjullian.com\/#organization"},"alternateName":"Maison Jullian","potentialAction":[{"@type":"SearchAction","target":{"@type":"EntryPoint","urlTemplate":"https:\/\/maisonjullian.com\/?s={search_term_string}"},"query-input":{"@type":"PropertyValueSpecification","valueRequired":true,"valueName":"search_term_string"}}],"inLanguage":"en-GB"},{"@type":"Organization","@id":"https:\/\/maisonjullian.com\/#organization","name":"MAISON JULLIAN","alternateName":"Maison Julian","url":"https:\/\/maisonjullian.com\/","logo":{"@type":"ImageObject","inLanguage":"en-GB","@id":"https:\/\/maisonjullian.com\/#\/schema\/logo\/image\/","url":"https:\/\/maisonjullian.com\/wp-content\/uploads\/2022\/06\/Logo-MJ-Vectoriel.jpg","contentUrl":"https:\/\/maisonjullian.com\/wp-content\/uploads\/2022\/06\/Logo-MJ-Vectoriel.jpg","width":500,"height":500,"caption":"MAISON JULLIAN"},"image":{"@id":"https:\/\/maisonjullian.com\/#\/schema\/logo\/image\/"},"sameAs":["https:\/\/www.facebook.com\/maisonjullianbeziers","https:\/\/www.instagram.com\/maisonjullianbeziers\/"]}]}},"_links":{"self":[{"href":"https:\/\/maisonjullian.com\/en\/wp-json\/wp\/v2\/pages\/3317","targetHints":{"allow":["GET"]}}],"collection":[{"href":"https:\/\/maisonjullian.com\/en\/wp-json\/wp\/v2\/pages"}],"about":[{"href":"https:\/\/maisonjullian.com\/en\/wp-json\/wp\/v2\/types\/page"}],"author":[{"embeddable":true,"href":"https:\/\/maisonjullian.com\/en\/wp-json\/wp\/v2\/users\/1"}],"replies":[{"embeddable":true,"href":"https:\/\/maisonjullian.com\/en\/wp-json\/wp\/v2\/comments?post=3317"}],"version-history":[{"count":49,"href":"https:\/\/maisonjullian.com\/en\/wp-json\/wp\/v2\/pages\/3317\/revisions"}],"predecessor-version":[{"id":4722,"href":"https:\/\/maisonjullian.com\/en\/wp-json\/wp\/v2\/pages\/3317\/revisions\/4722"}],"wp:attachment":[{"href":"https:\/\/maisonjullian.com\/en\/wp-json\/wp\/v2\/media?parent=3317"}],"curies":[{"name":"wp","href":"https:\/\/api.w.org\/{rel}","templated":true}]}}