{"id":44,"date":"2022-07-21T09:31:38","date_gmt":"2022-07-21T07:31:38","guid":{"rendered":"https:\/\/maisonjullian.com\/?page_id=44"},"modified":"2026-01-26T16:13:47","modified_gmt":"2026-01-26T15:13:47","slug":"mentions-legales","status":"publish","type":"page","link":"https:\/\/maisonjullian.com\/en\/mentions-legales\/","title":{"rendered":"Legal mentions"},"content":{"rendered":"<div data-elementor-type=\"wp-page\" data-elementor-id=\"44\" class=\"elementor elementor-44\" data-elementor-post-type=\"page\">\n\t\t\t\t\t\t<section class=\"elementor-section elementor-top-section elementor-element elementor-element-42dcab1 elementor-section-boxed elementor-section-height-default elementor-section-height-default\" data-id=\"42dcab1\" data-element_type=\"section\" data-e-type=\"section\">\n\t\t\t\t\t\t<div class=\"elementor-container elementor-column-gap-default\">\n\t\t\t\t\t<div class=\"elementor-column elementor-col-100 elementor-top-column elementor-element elementor-element-7e94268\" data-id=\"7e94268\" data-element_type=\"column\" data-e-type=\"column\">\n\t\t\t<div class=\"elementor-widget-wrap elementor-element-populated\">\n\t\t\t\t\t\t<div class=\"elementor-element elementor-element-f0ef5d4 elementor-widget elementor-widget-heading\" data-id=\"f0ef5d4\" data-element_type=\"widget\" data-e-type=\"widget\" data-widget_type=\"heading.default\">\n\t\t\t\t<div class=\"elementor-widget-container\">\n\t\t\t\t\t<h1 class=\"elementor-heading-title elementor-size-default\">MENTIONS L\u00c9GALES<\/h1>\t\t\t\t<\/div>\n\t\t\t\t<\/div>\n\t\t\t\t<div class=\"elementor-element elementor-element-bb10695 elementor-widget elementor-widget-spacer\" data-id=\"bb10695\" data-element_type=\"widget\" data-e-type=\"widget\" data-widget_type=\"spacer.default\">\n\t\t\t\t<div class=\"elementor-widget-container\">\n\t\t\t\t\t\t\t<div class=\"elementor-spacer\">\n\t\t\t<div class=\"elementor-spacer-inner\"><\/div>\n\t\t<\/div>\n\t\t\t\t\t\t<\/div>\n\t\t\t\t<\/div>\n\t\t\t\t<div class=\"elementor-element elementor-element-6ac7e10 elementor-widget elementor-widget-text-editor\" data-id=\"6ac7e10\" data-element_type=\"widget\" data-e-type=\"widget\" data-widget_type=\"text-editor.default\">\n\t\t\t\t<div class=\"elementor-widget-container\">\n\t\t\t\t\t\t\t\t\t<p><strong>Identification du Site Internet (URL) :<\/strong> www.maisonjullian.com<\/p><p><strong>Directeurs de la publication \u2013 \u00e9diteur :<\/strong> Mme Candy Miller &amp; Mr Charles Teboul , Paperdolls, SARL au capital de 14.300 euros, si\u00e8ge social au 1 chemin de Halage du Port neuf, 34500 B\u00e9ziers, RCS Beziers B 528 033 566, info@maisonjullian.com (\u00ab l\u2019Editeur \u00bb).<\/p><p><strong>Concepteur \u2013 r\u00e9alisateur :<\/strong> Agence Creativo, SARL au capital de 1.000 euros, si\u00e8ge social au 40 rue Fran\u00e7aise, 34500 B\u00e9ziers, France, RCS B\u00e9ziers 535 048 508, contact@agencecreativo.com (le \u00ab R\u00e9alisateur \u00bb).<\/p><p><strong>Prestataire d\u2019h\u00e9bergement :<\/strong> OVH, SAS au capital de 10.174.560 euros, si\u00e8ge social au 2 rue Kellermann, 59100 Roubaix, France, RCS Lille M\u00e9tropole B 424 761 419.<\/p><p><strong>Cr\u00e9dits photos :<\/strong><\/p><div><div><div>\u00a9 Cl\u00e9mence Fabre<br \/>\u00a9 Emma-Klara Sandberg<\/div><\/div>\u00a9 Honorine Photographie<\/div><div>\u00a9 Magali Joannon<\/div>\t\t\t\t\t\t\t\t<\/div>\n\t\t\t\t<\/div>\n\t\t\t\t<div class=\"elementor-element elementor-element-ae9e02e elementor-widget elementor-widget-spacer\" data-id=\"ae9e02e\" data-element_type=\"widget\" data-e-type=\"widget\" data-widget_type=\"spacer.default\">\n\t\t\t\t<div class=\"elementor-widget-container\">\n\t\t\t\t\t\t\t<div class=\"elementor-spacer\">\n\t\t\t<div class=\"elementor-spacer-inner\"><\/div>\n\t\t<\/div>\n\t\t\t\t\t\t<\/div>\n\t\t\t\t<\/div>\n\t\t\t\t<div class=\"elementor-element elementor-element-4c20a61 elementor-widget elementor-widget-heading\" data-id=\"4c20a61\" data-element_type=\"widget\" data-e-type=\"widget\" data-widget_type=\"heading.default\">\n\t\t\t\t<div class=\"elementor-widget-container\">\n\t\t\t\t\t<h2 class=\"elementor-heading-title elementor-size-default\">CONDITIONS D\u2019UTILISATIONS<\/h2>\t\t\t\t<\/div>\n\t\t\t\t<\/div>\n\t\t\t\t<div class=\"elementor-element elementor-element-f5ba84f elementor-widget elementor-widget-spacer\" data-id=\"f5ba84f\" data-element_type=\"widget\" data-e-type=\"widget\" data-widget_type=\"spacer.default\">\n\t\t\t\t<div class=\"elementor-widget-container\">\n\t\t\t\t\t\t\t<div class=\"elementor-spacer\">\n\t\t\t<div class=\"elementor-spacer-inner\"><\/div>\n\t\t<\/div>\n\t\t\t\t\t\t<\/div>\n\t\t\t\t<\/div>\n\t\t\t\t<div class=\"elementor-element elementor-element-2b39a8b elementor-widget elementor-widget-text-editor\" data-id=\"2b39a8b\" data-element_type=\"widget\" data-e-type=\"widget\" data-widget_type=\"text-editor.default\">\n\t\t\t\t<div class=\"elementor-widget-container\">\n\t\t\t\t\t\t\t\t\t<div class=\"elementor-element elementor-element-573d8f7 elementor-widget elementor-widget-heading\" data-id=\"573d8f7\" data-element_type=\"widget\" data-widget_type=\"heading.default\"><div class=\"elementor-widget-container\"><h2 class=\"elementor-heading-title elementor-size-default\"><strong style=\"color: var( --e-global-color-text ); font-family: var( --e-global-typography-text-font-family ), Sans-serif; background-color: var( --e-global-color-94edb0e ); font-size: 1rem;\">Propri\u00e9t\u00e9\u00a0:<\/strong><span style=\"color: var( --e-global-color-text ); font-family: var( --e-global-typography-text-font-family ), Sans-serif; font-weight: var( --e-global-typography-text-font-weight ); background-color: var( --e-global-color-94edb0e ); font-size: 1rem;\">\u00a0le site Internet accessible \u00e0 l\u2019adresse URL\u00a0<\/span><a style=\"font-family: var( --e-global-typography-text-font-family ), Sans-serif; font-weight: var( --e-global-typography-text-font-weight ); font-size: 1rem;\" href=\"https:\/\/maisonjullian.com\/en\/\">www.maisonjullian.com<\/a><span style=\"color: var( --e-global-color-text ); font-family: var( --e-global-typography-text-font-family ), Sans-serif; font-weight: var( --e-global-typography-text-font-weight ); background-color: var( --e-global-color-94edb0e ); font-size: 1rem;\">\u00a0(le \u00ab\u00a0Site\u00a0\u00bb), dans son int\u00e9gralit\u00e9 et pour chaque \u00e9l\u00e9ment le composant (y inclus tous textes, photographies, images anim\u00e9es ou non, logos, graphismes, applications informatiques\u00a0<\/span><em style=\"color: var( --e-global-color-text ); font-family: var( --e-global-typography-text-font-family ), Sans-serif; font-weight: var( --e-global-typography-text-font-weight ); background-color: var( --e-global-color-94edb0e ); font-size: 1rem;\">etc<\/em><span style=\"color: var( --e-global-color-text ); font-family: var( --e-global-typography-text-font-family ), Sans-serif; font-weight: var( --e-global-typography-text-font-weight ); background-color: var( --e-global-color-94edb0e ); font-size: 1rem;\">.), constitue une \u0153uvre prot\u00e9g\u00e9e propri\u00e9t\u00e9 exclusive de l\u2019Editeur.<\/span><\/h2><\/div><\/div><div class=\"elementor-element elementor-element-f2bc858 elementor-widget elementor-widget-text-editor\" data-id=\"f2bc858\" data-element_type=\"widget\" data-widget_type=\"text-editor.default\"><div class=\"elementor-widget-container\"><p>Toute exploitation non autoris\u00e9e, y inclus toute utilisation, reproduction, repr\u00e9sentation, publication, distribution, transmission ou extraction, sous quelque forme que ce soit, de tout ou partie du Site, de tout \u00e9l\u00e9ment composant le Site ou de toute information contenue dans le Site est strictement interdite et susceptible d\u2019entra\u00eener des poursuites judiciaires notamment au titre d\u2019une action en contrefa\u00e7on.<\/p><p><strong>Liens hypertexte\u00a0:<\/strong>\u00a0le R\u00e9alisateur et l\u2019Editeur d\u00e9clinent toute responsabilit\u00e9 quant \u00e0 toutes informations rendues accessibles depuis le Site via un lien hypertexte quel qu\u2019il soit, lesdites informations n\u2019\u00e9tant pas sous leur contr\u00f4le.<\/p><p>La mise en place de tous liens hypertextes vers tout ou partie du Site est strictement interdite, sauf autorisation expresse, pr\u00e9alable et \u00e9crite de l\u2019Editeur, \u00e9tant pr\u00e9cis\u00e9 que l\u2019Editeur est libre de refuser une telle autorisation sans avoir \u00e0 justifier de quelque mani\u00e8re que ce soit sa d\u00e9cision. Dans le cas o\u00f9 l\u2019Editeur accorderait son autorisation, celle-ci n\u2019est dans tous les cas que temporaire et pourra \u00eatre retir\u00e9e \u00e0 tout moment par l\u2019Editeur, sans obligation de justification, \u00e9tant pr\u00e9cis\u00e9 que tout lien vers le Site devra \u00eatre retir\u00e9 imm\u00e9diatement sur premi\u00e8re demande de l\u2019Editeur.<\/p><\/div><\/div>\t\t\t\t\t\t\t\t<\/div>\n\t\t\t\t<\/div>\n\t\t\t\t\t<\/div>\n\t\t<\/div>\n\t\t\t\t\t<\/div>\n\t\t<\/section>\n\t\t\t\t<\/div>","protected":false},"excerpt":{"rendered":"<p>MENTIONS L\u00c9GALES Identification du Site Internet (URL) : www.maisonjullian.com Directeurs de la publication \u2013 \u00e9diteur : Mme Candy Miller &amp; Mr Charles Teboul , Paperdolls, SARL au capital de 14.300 euros, si\u00e8ge social au 1 chemin de Halage du Port neuf, 34500 B\u00e9ziers, RCS Beziers B 528 033 566, info@maisonjullian.com (\u00ab l\u2019Editeur \u00bb). Concepteur \u2013 [&hellip;]<\/p>\n","protected":false},"author":1,"featured_media":0,"parent":0,"menu_order":2,"comment_status":"closed","ping_status":"closed","template":"","meta":{"footnotes":""},"class_list":["post-44","page","type-page","status-publish","hentry"],"yoast_head":"<!-- This site is optimized with the Yoast SEO plugin v27.3 - https:\/\/yoast.com\/product\/yoast-seo-wordpress\/ -->\n<title>Mentions l\u00e9gales | Maison Jullian B\u00e9ziers<\/title>\n<meta name=\"description\" content=\"Consultez les mentions l\u00e9gales de Maison Jullian \u00e0 B\u00e9ziers : \u00e9diteur du site, h\u00e9bergement, propri\u00e9t\u00e9 intellectuelle, donn\u00e9es personnelles et contact.\" \/>\n<meta name=\"robots\" content=\"index, follow, max-snippet:-1, max-image-preview:large, max-video-preview:-1\" \/>\n<link rel=\"canonical\" href=\"https:\/\/maisonjullian.com\/en\/mentions-legales\/\" \/>\n<meta property=\"og:locale\" content=\"en_GB\" \/>\n<meta property=\"og:type\" content=\"article\" \/>\n<meta property=\"og:title\" content=\"Mentions l\u00e9gales | Maison Jullian B\u00e9ziers\" \/>\n<meta property=\"og:description\" content=\"Consultez les mentions l\u00e9gales de Maison Jullian \u00e0 B\u00e9ziers : \u00e9diteur du site, h\u00e9bergement, propri\u00e9t\u00e9 intellectuelle, donn\u00e9es personnelles et contact.\" \/>\n<meta property=\"og:url\" content=\"https:\/\/maisonjullian.com\/en\/mentions-legales\/\" \/>\n<meta property=\"og:site_name\" content=\"MAISON JULLIAN\" \/>\n<meta property=\"article:publisher\" content=\"https:\/\/www.facebook.com\/maisonjullianbeziers\" \/>\n<meta property=\"article:modified_time\" content=\"2026-01-26T15:13:47+00:00\" \/>\n<meta property=\"og:image\" content=\"https:\/\/maisonjullian.com\/wp-content\/uploads\/2023\/03\/MaisonJullian_facade-6597_websize.jpg\" \/>\n\t<meta property=\"og:image:width\" content=\"897\" \/>\n\t<meta property=\"og:image:height\" content=\"598\" \/>\n\t<meta property=\"og:image:type\" content=\"image\/jpeg\" \/>\n<meta name=\"twitter:card\" content=\"summary_large_image\" \/>\n<meta name=\"twitter:label1\" content=\"Estimated reading time\" \/>\n\t<meta name=\"twitter:data1\" content=\"2 minutes\" \/>\n<script type=\"application\/ld+json\" class=\"yoast-schema-graph\">{\"@context\":\"https:\\\/\\\/schema.org\",\"@graph\":[{\"@type\":\"WebPage\",\"@id\":\"https:\\\/\\\/maisonjullian.com\\\/mentions-legales\\\/\",\"url\":\"https:\\\/\\\/maisonjullian.com\\\/mentions-legales\\\/\",\"name\":\"Mentions l\u00e9gales | Maison Jullian B\u00e9ziers\",\"isPartOf\":{\"@id\":\"https:\\\/\\\/maisonjullian.com\\\/#website\"},\"datePublished\":\"2022-07-21T07:31:38+00:00\",\"dateModified\":\"2026-01-26T15:13:47+00:00\",\"description\":\"Consultez les mentions l\u00e9gales de Maison Jullian \u00e0 B\u00e9ziers : \u00e9diteur du site, h\u00e9bergement, propri\u00e9t\u00e9 intellectuelle, donn\u00e9es personnelles et contact.\",\"breadcrumb\":{\"@id\":\"https:\\\/\\\/maisonjullian.com\\\/mentions-legales\\\/#breadcrumb\"},\"inLanguage\":\"en-GB\",\"potentialAction\":[{\"@type\":\"ReadAction\",\"target\":[\"https:\\\/\\\/maisonjullian.com\\\/mentions-legales\\\/\"]}]},{\"@type\":\"BreadcrumbList\",\"@id\":\"https:\\\/\\\/maisonjullian.com\\\/mentions-legales\\\/#breadcrumb\",\"itemListElement\":[{\"@type\":\"ListItem\",\"position\":1,\"name\":\"Accueil\",\"item\":\"https:\\\/\\\/maisonjullian.com\\\/\"},{\"@type\":\"ListItem\",\"position\":2,\"name\":\"Mentions l\u00e9gales\"}]},{\"@type\":\"WebSite\",\"@id\":\"https:\\\/\\\/maisonjullian.com\\\/#website\",\"url\":\"https:\\\/\\\/maisonjullian.com\\\/\",\"name\":\"MAISON JULLIAN\",\"description\":\"Folie biterroise\",\"publisher\":{\"@id\":\"https:\\\/\\\/maisonjullian.com\\\/#organization\"},\"alternateName\":\"Maison Jullian\",\"potentialAction\":[{\"@type\":\"SearchAction\",\"target\":{\"@type\":\"EntryPoint\",\"urlTemplate\":\"https:\\\/\\\/maisonjullian.com\\\/?s={search_term_string}\"},\"query-input\":{\"@type\":\"PropertyValueSpecification\",\"valueRequired\":true,\"valueName\":\"search_term_string\"}}],\"inLanguage\":\"en-GB\"},{\"@type\":\"Organization\",\"@id\":\"https:\\\/\\\/maisonjullian.com\\\/#organization\",\"name\":\"MAISON JULLIAN\",\"alternateName\":\"Maison Julian\",\"url\":\"https:\\\/\\\/maisonjullian.com\\\/\",\"logo\":{\"@type\":\"ImageObject\",\"inLanguage\":\"en-GB\",\"@id\":\"https:\\\/\\\/maisonjullian.com\\\/#\\\/schema\\\/logo\\\/image\\\/\",\"url\":\"https:\\\/\\\/maisonjullian.com\\\/wp-content\\\/uploads\\\/2022\\\/06\\\/Logo-MJ-Vectoriel.jpg\",\"contentUrl\":\"https:\\\/\\\/maisonjullian.com\\\/wp-content\\\/uploads\\\/2022\\\/06\\\/Logo-MJ-Vectoriel.jpg\",\"width\":500,\"height\":500,\"caption\":\"MAISON JULLIAN\"},\"image\":{\"@id\":\"https:\\\/\\\/maisonjullian.com\\\/#\\\/schema\\\/logo\\\/image\\\/\"},\"sameAs\":[\"https:\\\/\\\/www.facebook.com\\\/maisonjullianbeziers\",\"https:\\\/\\\/www.instagram.com\\\/maisonjullianbeziers\\\/\"]}]}<\/script>\n<!-- \/ Yoast SEO plugin. -->","yoast_head_json":{"title":"Mentions l\u00e9gales | Maison Jullian B\u00e9ziers","description":"Consultez les mentions l\u00e9gales de Maison Jullian \u00e0 B\u00e9ziers : \u00e9diteur du site, h\u00e9bergement, propri\u00e9t\u00e9 intellectuelle, donn\u00e9es personnelles et contact.","robots":{"index":"index","follow":"follow","max-snippet":"max-snippet:-1","max-image-preview":"max-image-preview:large","max-video-preview":"max-video-preview:-1"},"canonical":"https:\/\/maisonjullian.com\/en\/mentions-legales\/","og_locale":"en_GB","og_type":"article","og_title":"Mentions l\u00e9gales | Maison Jullian B\u00e9ziers","og_description":"Consultez les mentions l\u00e9gales de Maison Jullian \u00e0 B\u00e9ziers : \u00e9diteur du site, h\u00e9bergement, propri\u00e9t\u00e9 intellectuelle, donn\u00e9es personnelles et contact.","og_url":"https:\/\/maisonjullian.com\/en\/mentions-legales\/","og_site_name":"MAISON JULLIAN","article_publisher":"https:\/\/www.facebook.com\/maisonjullianbeziers","article_modified_time":"2026-01-26T15:13:47+00:00","og_image":[{"width":897,"height":598,"url":"https:\/\/maisonjullian.com\/wp-content\/uploads\/2023\/03\/MaisonJullian_facade-6597_websize.jpg","type":"image\/jpeg"}],"twitter_card":"summary_large_image","twitter_misc":{"Estimated reading time":"2 minutes"},"schema":{"@context":"https:\/\/schema.org","@graph":[{"@type":"WebPage","@id":"https:\/\/maisonjullian.com\/mentions-legales\/","url":"https:\/\/maisonjullian.com\/mentions-legales\/","name":"Mentions l\u00e9gales | Maison Jullian B\u00e9ziers","isPartOf":{"@id":"https:\/\/maisonjullian.com\/#website"},"datePublished":"2022-07-21T07:31:38+00:00","dateModified":"2026-01-26T15:13:47+00:00","description":"Consultez les mentions l\u00e9gales de Maison Jullian \u00e0 B\u00e9ziers : \u00e9diteur du site, h\u00e9bergement, propri\u00e9t\u00e9 intellectuelle, donn\u00e9es personnelles et contact.","breadcrumb":{"@id":"https:\/\/maisonjullian.com\/mentions-legales\/#breadcrumb"},"inLanguage":"en-GB","potentialAction":[{"@type":"ReadAction","target":["https:\/\/maisonjullian.com\/mentions-legales\/"]}]},{"@type":"BreadcrumbList","@id":"https:\/\/maisonjullian.com\/mentions-legales\/#breadcrumb","itemListElement":[{"@type":"ListItem","position":1,"name":"Accueil","item":"https:\/\/maisonjullian.com\/"},{"@type":"ListItem","position":2,"name":"Mentions l\u00e9gales"}]},{"@type":"WebSite","@id":"https:\/\/maisonjullian.com\/#website","url":"https:\/\/maisonjullian.com\/","name":"MAISON JULLIAN","description":"Folie biterroise","publisher":{"@id":"https:\/\/maisonjullian.com\/#organization"},"alternateName":"Maison Jullian","potentialAction":[{"@type":"SearchAction","target":{"@type":"EntryPoint","urlTemplate":"https:\/\/maisonjullian.com\/?s={search_term_string}"},"query-input":{"@type":"PropertyValueSpecification","valueRequired":true,"valueName":"search_term_string"}}],"inLanguage":"en-GB"},{"@type":"Organization","@id":"https:\/\/maisonjullian.com\/#organization","name":"MAISON JULLIAN","alternateName":"Maison Julian","url":"https:\/\/maisonjullian.com\/","logo":{"@type":"ImageObject","inLanguage":"en-GB","@id":"https:\/\/maisonjullian.com\/#\/schema\/logo\/image\/","url":"https:\/\/maisonjullian.com\/wp-content\/uploads\/2022\/06\/Logo-MJ-Vectoriel.jpg","contentUrl":"https:\/\/maisonjullian.com\/wp-content\/uploads\/2022\/06\/Logo-MJ-Vectoriel.jpg","width":500,"height":500,"caption":"MAISON JULLIAN"},"image":{"@id":"https:\/\/maisonjullian.com\/#\/schema\/logo\/image\/"},"sameAs":["https:\/\/www.facebook.com\/maisonjullianbeziers","https:\/\/www.instagram.com\/maisonjullianbeziers\/"]}]}},"_links":{"self":[{"href":"https:\/\/maisonjullian.com\/en\/wp-json\/wp\/v2\/pages\/44","targetHints":{"allow":["GET"]}}],"collection":[{"href":"https:\/\/maisonjullian.com\/en\/wp-json\/wp\/v2\/pages"}],"about":[{"href":"https:\/\/maisonjullian.com\/en\/wp-json\/wp\/v2\/types\/page"}],"author":[{"embeddable":true,"href":"https:\/\/maisonjullian.com\/en\/wp-json\/wp\/v2\/users\/1"}],"replies":[{"embeddable":true,"href":"https:\/\/maisonjullian.com\/en\/wp-json\/wp\/v2\/comments?post=44"}],"version-history":[{"count":13,"href":"https:\/\/maisonjullian.com\/en\/wp-json\/wp\/v2\/pages\/44\/revisions"}],"predecessor-version":[{"id":5397,"href":"https:\/\/maisonjullian.com\/en\/wp-json\/wp\/v2\/pages\/44\/revisions\/5397"}],"wp:attachment":[{"href":"https:\/\/maisonjullian.com\/en\/wp-json\/wp\/v2\/media?parent=44"}],"curies":[{"name":"wp","href":"https:\/\/api.w.org\/{rel}","templated":true}]}}